{"id":201569,"date":"2021-10-04T13:30:20","date_gmt":"2021-10-04T10:30:20","guid":{"rendered":"http:\/\/dev.tactic.net\/tuote\/peppa-pig-mud-party-game\/"},"modified":"2022-10-25T15:30:44","modified_gmt":"2022-10-25T12:30:44","slug":"peppa-pig-mud-party-game","status":"archive","type":"product","link":"https:\/\/games.tactic.net\/no\/tuote\/peppa-pig-mud-party-game\/","title":{"rendered":"Peppa Gris S\u00f8lefesten"},"content":{"rendered":"<p>G\u00e5rdsdyrene har fridag!<br \/>\nLegg dyrene dine p\u00e5 h\u00e5ndkl\u00e6rne rundt bassenget, og pr\u00f8v \u00e5 sprute p\u00e5 s\u00e5 mange av dem du kan, ved \u00e5 slippe grisen rett i s\u00f8la!<br \/>\nSpillefigurene g\u00e5r et skritt for hvert dyr du sprutet p\u00e5, men v\u00e6r forsiktig \u2013 ellers kan du ende med \u00e5 hjelpe motstanderne dine p\u00e5 vei mot m\u00e5lstreken!<\/p>\n<div>\n<div>\u2022 Inneholder s\u00f8lebasseng i plast, s\u00f8leplater og en g\u00f8yal gummigris!<\/div>\n<div>\u2022 Fantastisk tredimensjonalt spill som krever akkurat rett mengde ferdighet.<\/div>\n<div>\u2022 Full av fargerike illustrasjoner!<\/div>\n<\/div>\n","protected":false},"excerpt":{"rendered":"<p>G\u00e5rdsdyrene har fridag!<\/p>\n<div>Legg dyrene dine p\u00e5 h\u00e5ndkl\u00e6rne rundt bassenget, og pr\u00f8v \u00e5 sprute p\u00e5 s\u00e5 mange av dem du kan, ved \u00e5 slippe grisen rett i s\u00f8la!<\/div>\n","protected":false},"featured_media":0,"template":"","meta":{"content-type":"","_monsterinsights_skip_tracking":false,"_monsterinsights_sitenote_active":false,"_monsterinsights_sitenote_note":"","_monsterinsights_sitenote_category":0},"product_brand":[],"product_cat":[1649],"product_tag":[1003],"brand":[],"target-group":[],"discontinued":[],"class_list":{"0":"post-201569","1":"product","2":"type-product","3":"status-archive","5":"product_cat-barnespill-barnespill","6":"product_tag-hell","8":"first","9":"outofstock","10":"taxable","11":"shipping-taxable","12":"product-type-simple"},"aioseo_notices":[],"_links":{"self":[{"href":"https:\/\/games.tactic.net\/no\/wp-json\/wp\/v2\/product\/201569","targetHints":{"allow":["GET"]}}],"collection":[{"href":"https:\/\/games.tactic.net\/no\/wp-json\/wp\/v2\/product"}],"about":[{"href":"https:\/\/games.tactic.net\/no\/wp-json\/wp\/v2\/types\/product"}],"wp:attachment":[{"href":"https:\/\/games.tactic.net\/no\/wp-json\/wp\/v2\/media?parent=201569"}],"wp:term":[{"taxonomy":"product_brand","embeddable":true,"href":"https:\/\/games.tactic.net\/no\/wp-json\/wp\/v2\/product_brand?post=201569"},{"taxonomy":"product_cat","embeddable":true,"href":"https:\/\/games.tactic.net\/no\/wp-json\/wp\/v2\/product_cat?post=201569"},{"taxonomy":"product_tag","embeddable":true,"href":"https:\/\/games.tactic.net\/no\/wp-json\/wp\/v2\/product_tag?post=201569"},{"taxonomy":"brand","embeddable":true,"href":"https:\/\/games.tactic.net\/no\/wp-json\/wp\/v2\/brand?post=201569"},{"taxonomy":"target-group","embeddable":true,"href":"https:\/\/games.tactic.net\/no\/wp-json\/wp\/v2\/target-group?post=201569"},{"taxonomy":"discontinued","embeddable":true,"href":"https:\/\/games.tactic.net\/no\/wp-json\/wp\/v2\/discontinued?post=201569"}],"curies":[{"name":"wp","href":"https:\/\/api.w.org\/{rel}","templated":true}]}}