{"id":201554,"date":"2021-10-04T13:29:48","date_gmt":"2021-10-04T10:29:48","guid":{"rendered":"http:\/\/dev.tactic.net\/tuote\/peppa-grissolete-fotavtrykk\/"},"modified":"2022-03-22T12:42:42","modified_gmt":"2022-03-22T10:42:42","slug":"peppa-grissolete-fotavtrykk","status":"archive","type":"product","link":"https:\/\/games.tactic.net\/no\/tuote\/peppa-grissolete-fotavtrykk\/","title":{"rendered":"Peppa Gris S\u00f8lete fotavtrykk"},"content":{"rendered":"<p>Etterlat dine skitne fotavtrykk i feltene mens du hopper<br \/>\nrundt p\u00e5 spillebrettet. Havner du et i at feltene du har<br \/>\nv\u00e6rt f\u00f8r, m\u00e5 du vaske etter deg. F\u00f8rstemann med 9<br \/>\nfotavtrykk vinner.<\/p>\n","protected":false},"excerpt":{"rendered":"<p>Etterlat dine skitne fotavtrykk i feltene mens du hopper rundt p\u00e5 spillebrettet. Havner du et i at feltene du har v\u00e6rt f\u00f8r, m\u00e5 du vaske etter deg. F\u00f8rstemann med 9 fotavtrykk vinner.<\/p>\n","protected":false},"featured_media":0,"template":"","meta":{"content-type":"","_monsterinsights_skip_tracking":false,"_monsterinsights_sitenote_active":false,"_monsterinsights_sitenote_note":"","_monsterinsights_sitenote_category":0},"product_brand":[],"product_cat":[1649],"product_tag":[1221],"brand":[],"target-group":[],"discontinued":[],"class_list":{"0":"post-201554","1":"product","2":"type-product","3":"status-archive","5":"product_cat-barnespill-barnespill","6":"product_tag-funksjon-no","8":"first","9":"outofstock","10":"taxable","11":"shipping-taxable","12":"product-type-simple"},"aioseo_notices":[],"_links":{"self":[{"href":"https:\/\/games.tactic.net\/no\/wp-json\/wp\/v2\/product\/201554","targetHints":{"allow":["GET"]}}],"collection":[{"href":"https:\/\/games.tactic.net\/no\/wp-json\/wp\/v2\/product"}],"about":[{"href":"https:\/\/games.tactic.net\/no\/wp-json\/wp\/v2\/types\/product"}],"wp:attachment":[{"href":"https:\/\/games.tactic.net\/no\/wp-json\/wp\/v2\/media?parent=201554"}],"wp:term":[{"taxonomy":"product_brand","embeddable":true,"href":"https:\/\/games.tactic.net\/no\/wp-json\/wp\/v2\/product_brand?post=201554"},{"taxonomy":"product_cat","embeddable":true,"href":"https:\/\/games.tactic.net\/no\/wp-json\/wp\/v2\/product_cat?post=201554"},{"taxonomy":"product_tag","embeddable":true,"href":"https:\/\/games.tactic.net\/no\/wp-json\/wp\/v2\/product_tag?post=201554"},{"taxonomy":"brand","embeddable":true,"href":"https:\/\/games.tactic.net\/no\/wp-json\/wp\/v2\/brand?post=201554"},{"taxonomy":"target-group","embeddable":true,"href":"https:\/\/games.tactic.net\/no\/wp-json\/wp\/v2\/target-group?post=201554"},{"taxonomy":"discontinued","embeddable":true,"href":"https:\/\/games.tactic.net\/no\/wp-json\/wp\/v2\/discontinued?post=201554"}],"curies":[{"name":"wp","href":"https:\/\/api.w.org\/{rel}","templated":true}]}}