{"id":201525,"date":"2021-10-04T13:28:35","date_gmt":"2021-10-04T10:28:35","guid":{"rendered":"http:\/\/dev.tactic.net\/tuote\/verdens-barn\/"},"modified":"2023-10-17T19:20:51","modified_gmt":"2023-10-17T16:20:51","slug":"verdens-barn","status":"publish","type":"product","link":"https:\/\/games.tactic.net\/no\/tuote\/verdens-barn\/","title":{"rendered":"Verdens barn"},"content":{"rendered":"<p>Du skal ut p\u00e5 eventyr. Husk \u00e5 ta med deg mange smil og mye nysgjerrighet! Verdens barn er et stort og fargerikt vindu mot den vide verden og kulturene der. Dere spiller sammen, flytter p\u00e5 spillebrettet og utf\u00f8rer morsomme oppgaver for \u00e5 samle frimerker til passet deres. L\u00e6r om det som forbinder alle verdens barn, og det som gj\u00f8r oss alle unike!<\/p>\n<p><img decoding=\"async\" src=\"https:\\\\\\\\games.tactic.net\\\\pic\\\\logo\\\\Awarded_concept.png\"><\/p>\n","protected":false},"excerpt":{"rendered":"<p>Du skal ut p\u00e5 eventyr. Husk \u00e5 ta med deg mange smil og mye nysgjerrighet! Verdens barn er et stort og fargerikt vindu mot den vide verden og kulturene der. Dere spiller sammen, flytter p\u00e5 spillebrettet og utf\u00f8rer morsomme oppgaver for \u00e5 samle frimerker til passet deres. L\u00e6r om det som forbinder alle verdens barn, [&hellip;]<\/p>\n","protected":false},"featured_media":0,"template":"","meta":{"content-type":"","_monsterinsights_skip_tracking":false,"_monsterinsights_sitenote_active":false,"_monsterinsights_sitenote_note":"","_monsterinsights_sitenote_category":0},"product_brand":[],"product_cat":[1649,1663],"product_tag":[1255],"brand":[{"id":861,"name":"Let's Learn","slug":"letslearn-no"}],"target-group":[],"discontinued":[],"class_list":{"0":"post-201525","1":"product","2":"type-product","3":"status-publish","5":"product_cat-barnespill-barnespill","6":"product_cat-laerespill","7":"product_tag-pedagogisk-no","8":"brand-letslearn-no","10":"first","11":"instock","12":"taxable","13":"shipping-taxable","14":"product-type-simple"},"aioseo_notices":[],"_links":{"self":[{"href":"https:\/\/games.tactic.net\/no\/wp-json\/wp\/v2\/product\/201525","targetHints":{"allow":["GET"]}}],"collection":[{"href":"https:\/\/games.tactic.net\/no\/wp-json\/wp\/v2\/product"}],"about":[{"href":"https:\/\/games.tactic.net\/no\/wp-json\/wp\/v2\/types\/product"}],"wp:attachment":[{"href":"https:\/\/games.tactic.net\/no\/wp-json\/wp\/v2\/media?parent=201525"}],"wp:term":[{"taxonomy":"product_brand","embeddable":true,"href":"https:\/\/games.tactic.net\/no\/wp-json\/wp\/v2\/product_brand?post=201525"},{"taxonomy":"product_cat","embeddable":true,"href":"https:\/\/games.tactic.net\/no\/wp-json\/wp\/v2\/product_cat?post=201525"},{"taxonomy":"product_tag","embeddable":true,"href":"https:\/\/games.tactic.net\/no\/wp-json\/wp\/v2\/product_tag?post=201525"},{"taxonomy":"brand","embeddable":true,"href":"https:\/\/games.tactic.net\/no\/wp-json\/wp\/v2\/brand?post=201525"},{"taxonomy":"target-group","embeddable":true,"href":"https:\/\/games.tactic.net\/no\/wp-json\/wp\/v2\/target-group?post=201525"},{"taxonomy":"discontinued","embeddable":true,"href":"https:\/\/games.tactic.net\/no\/wp-json\/wp\/v2\/discontinued?post=201525"}],"curies":[{"name":"wp","href":"https:\/\/api.w.org\/{rel}","templated":true}]}}