{"id":201328,"date":"2021-10-04T13:22:08","date_gmt":"2021-10-04T10:22:08","guid":{"rendered":"http:\/\/dev.tactic.net\/tuote\/vi-laerer-oss-ferdigheter\/"},"modified":"2023-10-17T19:22:31","modified_gmt":"2023-10-17T16:22:31","slug":"vi-laerer-oss-ferdigheter","status":"publish","type":"product","link":"https:\/\/games.tactic.net\/no\/tuote\/vi-laerer-oss-ferdigheter\/","title":{"rendered":"Vi l\u00e6rer oss Ferdigheter"},"content":{"rendered":"<p>Noen ganger er spill og lek den beste m\u00e5ten \u00e5 l\u00e6re noe nytt p\u00e5! Dette spillet er fullpakket med morsomme oppgaver som f\u00e5r barna til \u00e5 bevege seg eller bruke de sm\u00e5 gr\u00e5, men de l\u00e6rer seg ogs\u00e5 nye ferdigheter. Vis hva du kan med Vi l\u00e6rer oss ferdigheter, og st\u00e5 p\u00e5 videre!<\/p>\n","protected":false},"excerpt":{"rendered":"<p>Noen ganger er spill og lek den beste m\u00e5ten \u00e5 l\u00e6re noe nytt p\u00e5! Dette spillet er fullpakket med morsomme oppgaver som f\u00e5r barna til \u00e5 bevege seg eller bruke de sm\u00e5 gr\u00e5, men de l\u00e6rer seg ogs\u00e5 nye ferdigheter. Vis hva du kan med Vi l\u00e6rer oss ferdigheter, og st\u00e5 p\u00e5 videre!<\/p>\n","protected":false},"featured_media":0,"template":"","meta":{"content-type":"","_monsterinsights_skip_tracking":false,"_monsterinsights_sitenote_active":false,"_monsterinsights_sitenote_note":"","_monsterinsights_sitenote_category":0},"product_brand":[],"product_cat":[1663],"product_tag":[1221,1255],"brand":[{"id":861,"name":"Let's Learn","slug":"letslearn-no"}],"target-group":[],"discontinued":[],"class_list":{"0":"post-201328","1":"product","2":"type-product","3":"status-publish","5":"product_cat-laerespill","6":"product_tag-funksjon-no","7":"product_tag-pedagogisk-no","8":"brand-letslearn-no","10":"first","11":"instock","12":"taxable","13":"shipping-taxable","14":"product-type-simple"},"aioseo_notices":[],"_links":{"self":[{"href":"https:\/\/games.tactic.net\/no\/wp-json\/wp\/v2\/product\/201328","targetHints":{"allow":["GET"]}}],"collection":[{"href":"https:\/\/games.tactic.net\/no\/wp-json\/wp\/v2\/product"}],"about":[{"href":"https:\/\/games.tactic.net\/no\/wp-json\/wp\/v2\/types\/product"}],"wp:attachment":[{"href":"https:\/\/games.tactic.net\/no\/wp-json\/wp\/v2\/media?parent=201328"}],"wp:term":[{"taxonomy":"product_brand","embeddable":true,"href":"https:\/\/games.tactic.net\/no\/wp-json\/wp\/v2\/product_brand?post=201328"},{"taxonomy":"product_cat","embeddable":true,"href":"https:\/\/games.tactic.net\/no\/wp-json\/wp\/v2\/product_cat?post=201328"},{"taxonomy":"product_tag","embeddable":true,"href":"https:\/\/games.tactic.net\/no\/wp-json\/wp\/v2\/product_tag?post=201328"},{"taxonomy":"brand","embeddable":true,"href":"https:\/\/games.tactic.net\/no\/wp-json\/wp\/v2\/brand?post=201328"},{"taxonomy":"target-group","embeddable":true,"href":"https:\/\/games.tactic.net\/no\/wp-json\/wp\/v2\/target-group?post=201328"},{"taxonomy":"discontinued","embeddable":true,"href":"https:\/\/games.tactic.net\/no\/wp-json\/wp\/v2\/discontinued?post=201328"}],"curies":[{"name":"wp","href":"https:\/\/api.w.org\/{rel}","templated":true}]}}