{"id":201313,"date":"2021-10-04T13:16:09","date_gmt":"2021-10-04T10:16:09","guid":{"rendered":"http:\/\/dev.tactic.net\/tuote\/vi-laerer-oss-engelsk\/"},"modified":"2023-09-26T14:12:59","modified_gmt":"2023-09-26T11:12:59","slug":"vi-laerer-oss-engelsk","status":"publish","type":"product","link":"https:\/\/games.tactic.net\/no\/tuote\/vi-laerer-oss-engelsk\/","title":{"rendered":"Vi l\u00e6rer oss Engelsk"},"content":{"rendered":"<p>\u00c5 l\u00e6re seg spr\u00e5k er viktig, men det kan ogs\u00e5 v\u00e6re kjempemoro! Vi l\u00e6rer oss engelsk inneholder fargerike bildekort der spillerne kan si gjenstander de kan p\u00e5 engelsk eller norsk. Den voksne hjelper til i spillet ved \u00e5 kontrollere de riktige svarene og oppmuntre spillerne til \u00e5 fortsette \u00e5 l\u00e6re!<\/p>\n","protected":false},"excerpt":{"rendered":"<p>\u00c5 l\u00e6re seg spr\u00e5k er viktig, men det kan ogs\u00e5 v\u00e6re kjempemoro! Vi l\u00e6rer oss engelsk inneholder fargerike bildekort der spillerne kan si gjenstander de kan p\u00e5 engelsk eller norsk. Den voksne hjelper til i spillet ved \u00e5 kontrollere de riktige svarene og oppmuntre spillerne til \u00e5 fortsette \u00e5 l\u00e6re!<\/p>\n","protected":false},"featured_media":0,"template":"","meta":{"content-type":"","_monsterinsights_skip_tracking":false,"_monsterinsights_sitenote_active":false,"_monsterinsights_sitenote_note":"","_monsterinsights_sitenote_category":0},"product_brand":[],"product_cat":[1663],"product_tag":[1233,1255],"brand":[{"id":861,"name":"Let's Learn","slug":"letslearn-no"}],"target-group":[],"discontinued":[],"class_list":{"0":"post-201313","1":"product","2":"type-product","3":"status-publish","5":"product_cat-laerespill","6":"product_tag-kombinere-no","7":"product_tag-pedagogisk-no","8":"brand-letslearn-no","10":"first","11":"instock","12":"taxable","13":"shipping-taxable","14":"product-type-simple"},"aioseo_notices":[],"_links":{"self":[{"href":"https:\/\/games.tactic.net\/no\/wp-json\/wp\/v2\/product\/201313","targetHints":{"allow":["GET"]}}],"collection":[{"href":"https:\/\/games.tactic.net\/no\/wp-json\/wp\/v2\/product"}],"about":[{"href":"https:\/\/games.tactic.net\/no\/wp-json\/wp\/v2\/types\/product"}],"wp:attachment":[{"href":"https:\/\/games.tactic.net\/no\/wp-json\/wp\/v2\/media?parent=201313"}],"wp:term":[{"taxonomy":"product_brand","embeddable":true,"href":"https:\/\/games.tactic.net\/no\/wp-json\/wp\/v2\/product_brand?post=201313"},{"taxonomy":"product_cat","embeddable":true,"href":"https:\/\/games.tactic.net\/no\/wp-json\/wp\/v2\/product_cat?post=201313"},{"taxonomy":"product_tag","embeddable":true,"href":"https:\/\/games.tactic.net\/no\/wp-json\/wp\/v2\/product_tag?post=201313"},{"taxonomy":"brand","embeddable":true,"href":"https:\/\/games.tactic.net\/no\/wp-json\/wp\/v2\/brand?post=201313"},{"taxonomy":"target-group","embeddable":true,"href":"https:\/\/games.tactic.net\/no\/wp-json\/wp\/v2\/target-group?post=201313"},{"taxonomy":"discontinued","embeddable":true,"href":"https:\/\/games.tactic.net\/no\/wp-json\/wp\/v2\/discontinued?post=201313"}],"curies":[{"name":"wp","href":"https:\/\/api.w.org\/{rel}","templated":true}]}}