{"id":201298,"date":"2021-10-04T13:14:29","date_gmt":"2021-10-04T10:14:29","guid":{"rendered":"http:\/\/dev.tactic.net\/tuote\/vi-laerer-oss-naturen\/"},"modified":"2023-10-17T19:19:17","modified_gmt":"2023-10-17T16:19:17","slug":"vi-laerer-oss-naturen","status":"publish","type":"product","link":"https:\/\/games.tactic.net\/no\/tuote\/vi-laerer-oss-naturen\/","title":{"rendered":"Vi l\u00e6rer oss Naturen"},"content":{"rendered":"<p>Hvor enn du ser, viser naturen fram utallige fascinerende dyr og planter som er morsomme \u00e5 l\u00e6re om. Pr\u00f8v \u00e5 finne bildene som h\u00f8rer sammen, og legg dem p\u00e5 ditt eget \u00e5rstidbrett. Hvis du legger alle de ni bildene riktig, f\u00e5r du et kjempefint bilde p\u00e5 den andre siden av brettet! Vinneren av spillet er den som f\u00f8rst legger alle ni plater i rammen sin!<\/p>\n","protected":false},"excerpt":{"rendered":"<p>Hvor enn du ser, viser naturen fram utallige fascinerende dyr og planter som er morsomme \u00e5 l\u00e6re om. Pr\u00f8v \u00e5 finne bildene som h\u00f8rer sammen, og legg dem p\u00e5 ditt eget \u00e5rstidbrett. Hvis du legger alle de ni bildene riktig, f\u00e5r du et kjempefint bilde p\u00e5 den andre siden av brettet! Vinneren av spillet er [&hellip;]<\/p>\n","protected":false},"featured_media":0,"template":"","meta":{"content-type":"","_monsterinsights_skip_tracking":false,"_monsterinsights_sitenote_active":false,"_monsterinsights_sitenote_note":"","_monsterinsights_sitenote_category":0},"product_brand":[],"product_cat":[1663],"product_tag":[1233,1255],"brand":[{"id":861,"name":"Let's Learn","slug":"letslearn-no"}],"target-group":[],"discontinued":[],"class_list":{"0":"post-201298","1":"product","2":"type-product","3":"status-publish","5":"product_cat-laerespill","6":"product_tag-kombinere-no","7":"product_tag-pedagogisk-no","8":"brand-letslearn-no","10":"first","11":"instock","12":"taxable","13":"shipping-taxable","14":"product-type-simple"},"aioseo_notices":[],"_links":{"self":[{"href":"https:\/\/games.tactic.net\/no\/wp-json\/wp\/v2\/product\/201298","targetHints":{"allow":["GET"]}}],"collection":[{"href":"https:\/\/games.tactic.net\/no\/wp-json\/wp\/v2\/product"}],"about":[{"href":"https:\/\/games.tactic.net\/no\/wp-json\/wp\/v2\/types\/product"}],"wp:attachment":[{"href":"https:\/\/games.tactic.net\/no\/wp-json\/wp\/v2\/media?parent=201298"}],"wp:term":[{"taxonomy":"product_brand","embeddable":true,"href":"https:\/\/games.tactic.net\/no\/wp-json\/wp\/v2\/product_brand?post=201298"},{"taxonomy":"product_cat","embeddable":true,"href":"https:\/\/games.tactic.net\/no\/wp-json\/wp\/v2\/product_cat?post=201298"},{"taxonomy":"product_tag","embeddable":true,"href":"https:\/\/games.tactic.net\/no\/wp-json\/wp\/v2\/product_tag?post=201298"},{"taxonomy":"brand","embeddable":true,"href":"https:\/\/games.tactic.net\/no\/wp-json\/wp\/v2\/brand?post=201298"},{"taxonomy":"target-group","embeddable":true,"href":"https:\/\/games.tactic.net\/no\/wp-json\/wp\/v2\/target-group?post=201298"},{"taxonomy":"discontinued","embeddable":true,"href":"https:\/\/games.tactic.net\/no\/wp-json\/wp\/v2\/discontinued?post=201298"}],"curies":[{"name":"wp","href":"https:\/\/api.w.org\/{rel}","templated":true}]}}