{"id":201283,"date":"2021-10-04T13:13:21","date_gmt":"2021-10-04T10:13:21","guid":{"rendered":"http:\/\/dev.tactic.net\/tuote\/vi-laerer-ossfarger-og-former\/"},"modified":"2023-10-17T19:09:51","modified_gmt":"2023-10-17T16:09:51","slug":"vi-laerer-ossfarger-og-former","status":"publish","type":"product","link":"https:\/\/games.tactic.net\/no\/tuote\/vi-laerer-ossfarger-og-former\/","title":{"rendered":"Vi l\u00e6rer oss Farger og Former"},"content":{"rendered":"<p>Kast deg inn i fargenes og formenes fantastiske verden, og l\u00e6r \u00e5 kjenne dem igjen! Pr\u00f8v \u00e5 fylle ditt eget brett med platene som tilh\u00f8rer. Vinneren av spillet er den som f\u00f8rst legger fire plater p\u00e5 brettet sitt! Vi l\u00e6rer oss farger og former fremmer barnas observasjonsevne og finmotorikk p\u00e5 en virkelig morsom m\u00e5te.<\/p>\n","protected":false},"excerpt":{"rendered":"<p>Kast deg inn i fargenes og formenes fantastiske verden, og l\u00e6r \u00e5 kjenne dem igjen! Pr\u00f8v \u00e5 fylle ditt eget brett med plater som passer med fargene p\u00e5 brettet. Vinneren er den som f\u00f8rst legger fire plater p\u00e5 brettet sitt!<\/p>\n","protected":false},"featured_media":0,"template":"","meta":{"content-type":"","_monsterinsights_skip_tracking":false,"_monsterinsights_sitenote_active":false,"_monsterinsights_sitenote_note":"","_monsterinsights_sitenote_category":0},"product_brand":[],"product_cat":[1663],"product_tag":[1233,1255],"brand":[{"id":861,"name":"Let's Learn","slug":"letslearn-no"}],"target-group":[],"discontinued":[],"class_list":{"0":"post-201283","1":"product","2":"type-product","3":"status-publish","5":"product_cat-laerespill","6":"product_tag-kombinere-no","7":"product_tag-pedagogisk-no","8":"brand-letslearn-no","10":"first","11":"instock","12":"taxable","13":"shipping-taxable","14":"product-type-simple"},"aioseo_notices":[],"_links":{"self":[{"href":"https:\/\/games.tactic.net\/no\/wp-json\/wp\/v2\/product\/201283","targetHints":{"allow":["GET"]}}],"collection":[{"href":"https:\/\/games.tactic.net\/no\/wp-json\/wp\/v2\/product"}],"about":[{"href":"https:\/\/games.tactic.net\/no\/wp-json\/wp\/v2\/types\/product"}],"wp:attachment":[{"href":"https:\/\/games.tactic.net\/no\/wp-json\/wp\/v2\/media?parent=201283"}],"wp:term":[{"taxonomy":"product_brand","embeddable":true,"href":"https:\/\/games.tactic.net\/no\/wp-json\/wp\/v2\/product_brand?post=201283"},{"taxonomy":"product_cat","embeddable":true,"href":"https:\/\/games.tactic.net\/no\/wp-json\/wp\/v2\/product_cat?post=201283"},{"taxonomy":"product_tag","embeddable":true,"href":"https:\/\/games.tactic.net\/no\/wp-json\/wp\/v2\/product_tag?post=201283"},{"taxonomy":"brand","embeddable":true,"href":"https:\/\/games.tactic.net\/no\/wp-json\/wp\/v2\/brand?post=201283"},{"taxonomy":"target-group","embeddable":true,"href":"https:\/\/games.tactic.net\/no\/wp-json\/wp\/v2\/target-group?post=201283"},{"taxonomy":"discontinued","embeddable":true,"href":"https:\/\/games.tactic.net\/no\/wp-json\/wp\/v2\/discontinued?post=201283"}],"curies":[{"name":"wp","href":"https:\/\/api.w.org\/{rel}","templated":true}]}}