{"id":201226,"date":"2021-10-04T13:10:42","date_gmt":"2021-10-04T10:10:42","guid":{"rendered":"http:\/\/dev.tactic.net\/tuote\/vi-laerer-oss-tallene\/"},"modified":"2023-10-17T19:12:20","modified_gmt":"2023-10-17T16:12:20","slug":"vi-laerer-oss-tallene","status":"publish","type":"product","link":"https:\/\/games.tactic.net\/no\/tuote\/vi-laerer-oss-tallene\/","title":{"rendered":"Vi l\u00e6rer oss Tallene"},"content":{"rendered":"<p>Et s\u00f8tt og lettl\u00e6rt spill for barn som vil l\u00e6re om tallene og telling. L\u00f8s grunnleggende regneoppgaver ved \u00e5 legge plater p\u00e5 spillebrettene. Hvis du klarer alle oppgavene, f\u00e5r du et fargerikt bilde p\u00e5 den andre siden av brettet! Spillet inneholder 8 spillebrett og 72 oppgaver \u2013 den perfekte utfordringen for barn med voksende kunnskap og nysgjerrighet!<\/p>\n","protected":false},"excerpt":{"rendered":"<p>Et forn\u00f8yelig og enkelt spill for barn som vil l\u00e6re tallene og telling. L\u00f8s grunnleggende regneoppgaver ved \u00e5 legge platene p\u00e5 spillebrettet. Hvis du klarer alle oppgavene, f\u00e5r du et morsomt bilde p\u00e5 baksiden av brettet!<\/p>\n","protected":false},"featured_media":0,"template":"","meta":{"content-type":"","_monsterinsights_skip_tracking":false,"_monsterinsights_sitenote_active":false,"_monsterinsights_sitenote_note":"","_monsterinsights_sitenote_category":0},"product_brand":[],"product_cat":[1663],"product_tag":[358,1233,1255],"brand":[{"id":861,"name":"Let's Learn","slug":"letslearn-no"}],"target-group":[],"discontinued":[],"class_list":{"0":"post-201226","1":"product","2":"type-product","3":"status-publish","5":"product_cat-laerespill","6":"product_tag-beregning","7":"product_tag-kombinere-no","8":"product_tag-pedagogisk-no","9":"brand-letslearn-no","11":"first","12":"instock","13":"taxable","14":"shipping-taxable","15":"product-type-simple"},"aioseo_notices":[],"_links":{"self":[{"href":"https:\/\/games.tactic.net\/no\/wp-json\/wp\/v2\/product\/201226","targetHints":{"allow":["GET"]}}],"collection":[{"href":"https:\/\/games.tactic.net\/no\/wp-json\/wp\/v2\/product"}],"about":[{"href":"https:\/\/games.tactic.net\/no\/wp-json\/wp\/v2\/types\/product"}],"wp:attachment":[{"href":"https:\/\/games.tactic.net\/no\/wp-json\/wp\/v2\/media?parent=201226"}],"wp:term":[{"taxonomy":"product_brand","embeddable":true,"href":"https:\/\/games.tactic.net\/no\/wp-json\/wp\/v2\/product_brand?post=201226"},{"taxonomy":"product_cat","embeddable":true,"href":"https:\/\/games.tactic.net\/no\/wp-json\/wp\/v2\/product_cat?post=201226"},{"taxonomy":"product_tag","embeddable":true,"href":"https:\/\/games.tactic.net\/no\/wp-json\/wp\/v2\/product_tag?post=201226"},{"taxonomy":"brand","embeddable":true,"href":"https:\/\/games.tactic.net\/no\/wp-json\/wp\/v2\/brand?post=201226"},{"taxonomy":"target-group","embeddable":true,"href":"https:\/\/games.tactic.net\/no\/wp-json\/wp\/v2\/target-group?post=201226"},{"taxonomy":"discontinued","embeddable":true,"href":"https:\/\/games.tactic.net\/no\/wp-json\/wp\/v2\/discontinued?post=201226"}],"curies":[{"name":"wp","href":"https:\/\/api.w.org\/{rel}","templated":true}]}}