{"id":201211,"date":"2021-10-04T13:09:06","date_gmt":"2021-10-04T10:09:06","guid":{"rendered":"http:\/\/dev.tactic.net\/tuote\/vi-laerer-ossbokstaver-og-ord\/"},"modified":"2023-10-17T19:11:12","modified_gmt":"2023-10-17T16:11:12","slug":"vi-laerer-ossbokstaver-og-ord","status":"publish","type":"product","link":"https:\/\/games.tactic.net\/no\/tuote\/vi-laerer-ossbokstaver-og-ord\/","title":{"rendered":"Vi l\u00e6rer oss Bokstaver og ord"},"content":{"rendered":"<p>Med disse fire morsomme bokstavspillene kan barna l\u00e6re \u00e5 lese og skrive! Det er lekende lett! Med bokstavbrettene danner barna ord og f\u00e5r gradvis mer utfordrende oppgaver. I de andre minispillene blir spillerne oppfordret til \u00e5 bruke kl\u00f8kt p\u00e5 mange forskjellige m\u00e5ter. N\u00e5r barna l\u00e6rer bokstaver og ord, aktiveres den naturlige nysgjerrigheten deres, og de blir engasjerte gang p\u00e5 gang.<\/p>\n","protected":false},"excerpt":{"rendered":"<p>N\u00e5r barna utforsker bokstaver og ord, aktiveres den naturlige nysgjerrigheten, og de blir engasjerte gang p\u00e5 gang. Fire morsomme ordspill for \u00e5 utvikle tidlige lese- og skriveferdigheter! L\u00e6r deg din abc!<\/p>\n","protected":false},"featured_media":0,"template":"","meta":{"content-type":"","_monsterinsights_skip_tracking":false,"_monsterinsights_sitenote_active":false,"_monsterinsights_sitenote_note":"","_monsterinsights_sitenote_category":0},"product_brand":[],"product_cat":[1663],"product_tag":[324,1255],"brand":[{"id":861,"name":"Let's Learn","slug":"letslearn-no"}],"target-group":[],"discontinued":[],"class_list":{"0":"post-201211","1":"product","2":"type-product","3":"status-publish","5":"product_cat-laerespill","6":"product_tag-kreativ","7":"product_tag-pedagogisk-no","8":"brand-letslearn-no","10":"first","11":"instock","12":"taxable","13":"shipping-taxable","14":"product-type-simple"},"aioseo_notices":[],"_links":{"self":[{"href":"https:\/\/games.tactic.net\/no\/wp-json\/wp\/v2\/product\/201211","targetHints":{"allow":["GET"]}}],"collection":[{"href":"https:\/\/games.tactic.net\/no\/wp-json\/wp\/v2\/product"}],"about":[{"href":"https:\/\/games.tactic.net\/no\/wp-json\/wp\/v2\/types\/product"}],"wp:attachment":[{"href":"https:\/\/games.tactic.net\/no\/wp-json\/wp\/v2\/media?parent=201211"}],"wp:term":[{"taxonomy":"product_brand","embeddable":true,"href":"https:\/\/games.tactic.net\/no\/wp-json\/wp\/v2\/product_brand?post=201211"},{"taxonomy":"product_cat","embeddable":true,"href":"https:\/\/games.tactic.net\/no\/wp-json\/wp\/v2\/product_cat?post=201211"},{"taxonomy":"product_tag","embeddable":true,"href":"https:\/\/games.tactic.net\/no\/wp-json\/wp\/v2\/product_tag?post=201211"},{"taxonomy":"brand","embeddable":true,"href":"https:\/\/games.tactic.net\/no\/wp-json\/wp\/v2\/brand?post=201211"},{"taxonomy":"target-group","embeddable":true,"href":"https:\/\/games.tactic.net\/no\/wp-json\/wp\/v2\/target-group?post=201211"},{"taxonomy":"discontinued","embeddable":true,"href":"https:\/\/games.tactic.net\/no\/wp-json\/wp\/v2\/discontinued?post=201211"}],"curies":[{"name":"wp","href":"https:\/\/api.w.org\/{rel}","templated":true}]}}