{"id":201168,"date":"2021-10-04T13:07:56","date_gmt":"2021-10-04T10:07:56","guid":{"rendered":"http:\/\/dev.tactic.net\/tuote\/stigespill\/"},"modified":"2023-10-25T13:57:49","modified_gmt":"2023-10-25T10:57:49","slug":"stigespill","status":"publish","type":"product","link":"https:\/\/games.tactic.net\/no\/tuote\/stigespill\/","title":{"rendered":"Stigespill"},"content":{"rendered":"<p>Kast terningen og flytt brikken din forover p\u00e5 brettet. F\u00f8rste spiller i m\u00e5l vinner.<br \/>\nHellfaktoren gj\u00f8r dette til et perfekt spill for yngre spillere.<br \/>\nEnkelt med moro!<\/p>\n","protected":false},"excerpt":{"rendered":"<p>Kast terningen og flytt brikken din forover p\u00e5 brettet. F\u00f8rste spiller i m\u00e5l vinner.<\/p>\n","protected":false},"featured_media":0,"template":"","meta":{"content-type":"","_monsterinsights_skip_tracking":false,"_monsterinsights_sitenote_active":false,"_monsterinsights_sitenote_note":"","_monsterinsights_sitenote_category":0},"product_brand":[],"product_cat":[1649],"product_tag":[1003],"brand":[],"target-group":[],"discontinued":[],"class_list":{"0":"post-201168","1":"product","2":"type-product","3":"status-publish","5":"product_cat-barnespill-barnespill","6":"product_tag-hell","8":"first","9":"instock","10":"taxable","11":"shipping-taxable","12":"product-type-simple"},"aioseo_notices":[],"_links":{"self":[{"href":"https:\/\/games.tactic.net\/no\/wp-json\/wp\/v2\/product\/201168","targetHints":{"allow":["GET"]}}],"collection":[{"href":"https:\/\/games.tactic.net\/no\/wp-json\/wp\/v2\/product"}],"about":[{"href":"https:\/\/games.tactic.net\/no\/wp-json\/wp\/v2\/types\/product"}],"wp:attachment":[{"href":"https:\/\/games.tactic.net\/no\/wp-json\/wp\/v2\/media?parent=201168"}],"wp:term":[{"taxonomy":"product_brand","embeddable":true,"href":"https:\/\/games.tactic.net\/no\/wp-json\/wp\/v2\/product_brand?post=201168"},{"taxonomy":"product_cat","embeddable":true,"href":"https:\/\/games.tactic.net\/no\/wp-json\/wp\/v2\/product_cat?post=201168"},{"taxonomy":"product_tag","embeddable":true,"href":"https:\/\/games.tactic.net\/no\/wp-json\/wp\/v2\/product_tag?post=201168"},{"taxonomy":"brand","embeddable":true,"href":"https:\/\/games.tactic.net\/no\/wp-json\/wp\/v2\/brand?post=201168"},{"taxonomy":"target-group","embeddable":true,"href":"https:\/\/games.tactic.net\/no\/wp-json\/wp\/v2\/target-group?post=201168"},{"taxonomy":"discontinued","embeddable":true,"href":"https:\/\/games.tactic.net\/no\/wp-json\/wp\/v2\/discontinued?post=201168"}],"curies":[{"name":"wp","href":"https:\/\/api.w.org\/{rel}","templated":true}]}}