{"id":201139,"date":"2021-10-04T13:07:06","date_gmt":"2021-10-04T10:07:06","guid":{"rendered":"http:\/\/dev.tactic.net\/tuote\/ludo\/"},"modified":"2025-02-05T11:27:19","modified_gmt":"2025-02-05T09:27:19","slug":"ludo","status":"archive","type":"product","link":"https:\/\/games.tactic.net\/no\/tuote\/ludo\/","title":{"rendered":"Ludo"},"content":{"rendered":"<p>Flytt brikkene dine rundt spillbrettet og pr\u00f8v \u00e5 holde dem unna muligheter for \u00e5 bli sl\u00e5tt ut!<br \/>\nEt spennende kappl\u00f8psspill.<br \/>\nSv\u00e6rt mye for pengene!<br \/>\nTydelige regler og flotte komponenter gj\u00f8r dette til den perfekte familieklassikeren!<\/p>\n","protected":false},"excerpt":{"rendered":"<p>Flytt brikkene dine rundt spillbrettet og pr\u00f8v \u00e5 holde dem unna muligheter for \u00e5 bli sl\u00e5tt ut!<\/p>\n","protected":false},"featured_media":0,"template":"","meta":{"content-type":"","_monsterinsights_skip_tracking":false,"_monsterinsights_sitenote_active":false,"_monsterinsights_sitenote_note":"","_monsterinsights_sitenote_category":0},"product_brand":[],"product_cat":[1649],"product_tag":[],"brand":[],"target-group":[],"discontinued":[],"class_list":{"0":"post-201139","1":"product","2":"type-product","3":"status-archive","5":"product_cat-barnespill-barnespill","7":"first","8":"outofstock","9":"taxable","10":"shipping-taxable","11":"product-type-simple"},"aioseo_notices":[],"_links":{"self":[{"href":"https:\/\/games.tactic.net\/no\/wp-json\/wp\/v2\/product\/201139","targetHints":{"allow":["GET"]}}],"collection":[{"href":"https:\/\/games.tactic.net\/no\/wp-json\/wp\/v2\/product"}],"about":[{"href":"https:\/\/games.tactic.net\/no\/wp-json\/wp\/v2\/types\/product"}],"wp:attachment":[{"href":"https:\/\/games.tactic.net\/no\/wp-json\/wp\/v2\/media?parent=201139"}],"wp:term":[{"taxonomy":"product_brand","embeddable":true,"href":"https:\/\/games.tactic.net\/no\/wp-json\/wp\/v2\/product_brand?post=201139"},{"taxonomy":"product_cat","embeddable":true,"href":"https:\/\/games.tactic.net\/no\/wp-json\/wp\/v2\/product_cat?post=201139"},{"taxonomy":"product_tag","embeddable":true,"href":"https:\/\/games.tactic.net\/no\/wp-json\/wp\/v2\/product_tag?post=201139"},{"taxonomy":"brand","embeddable":true,"href":"https:\/\/games.tactic.net\/no\/wp-json\/wp\/v2\/brand?post=201139"},{"taxonomy":"target-group","embeddable":true,"href":"https:\/\/games.tactic.net\/no\/wp-json\/wp\/v2\/target-group?post=201139"},{"taxonomy":"discontinued","embeddable":true,"href":"https:\/\/games.tactic.net\/no\/wp-json\/wp\/v2\/discontinued?post=201139"}],"curies":[{"name":"wp","href":"https:\/\/api.w.org\/{rel}","templated":true}]}}