{"id":201110,"date":"2021-10-04T13:05:17","date_gmt":"2021-10-04T10:05:17","guid":{"rendered":"http:\/\/dev.tactic.net\/tuote\/loopin-louie\/"},"modified":"2023-10-25T14:21:28","modified_gmt":"2023-10-25T11:21:28","slug":"loopin-louie","status":"publish","type":"product","link":"https:\/\/games.tactic.net\/no\/tuote\/loopin-louie\/","title":{"rendered":"Loopin Louie board game"},"content":{"rendered":"<p>Pr\u00f8v \u00e5 holde Louie og flyet hans vekk fra kyllingene dine, og styr ham mot de andre spillernes h\u00f8nsebur istedenfor! Spilleren som er den siste igjen med kyllinger, vinner spillet. Holder alle engasjert helt til den absolutte slutten av spillet. Inneholder en flott motorisert base som holder Louies fly i lufta. Gir alle opplevelsen av suksess.<\/p>\n<p><img decoding=\"async\" src=\"https:\\\\\\\\games.tactic.net\\\\pic\\\\logo\\\\DK_2013_aarets_bornespil_.png\"><img decoding=\"async\" src=\"https:\\\\\\\\games.tactic.net\\\\pic\\\\logo\\\\Game_Of_The_Year.png\"><\/p>\n","protected":false},"excerpt":{"rendered":"<p>Pr\u00f8v \u00e5 holde Louie og flyet hans vekk fra kyllingene dine, og styr ham mot de andre spillernes h\u00f8nsebur istedenfor! Spilleren som er den siste igjen med kyllinger, vinner spillet.<\/p>\n","protected":false},"featured_media":0,"template":"","meta":{"content-type":"","_monsterinsights_skip_tracking":false,"_monsterinsights_sitenote_active":false,"_monsterinsights_sitenote_note":"","_monsterinsights_sitenote_category":0},"product_brand":[],"product_cat":[1649],"product_tag":[318,1003],"brand":[],"target-group":[],"discontinued":[],"class_list":{"0":"post-201110","1":"product","2":"type-product","3":"status-publish","5":"product_cat-barnespill-barnespill","6":"product_tag-hastighet","7":"product_tag-hell","9":"first","10":"instock","11":"taxable","12":"shipping-taxable","13":"product-type-simple"},"aioseo_notices":[],"_links":{"self":[{"href":"https:\/\/games.tactic.net\/no\/wp-json\/wp\/v2\/product\/201110","targetHints":{"allow":["GET"]}}],"collection":[{"href":"https:\/\/games.tactic.net\/no\/wp-json\/wp\/v2\/product"}],"about":[{"href":"https:\/\/games.tactic.net\/no\/wp-json\/wp\/v2\/types\/product"}],"wp:attachment":[{"href":"https:\/\/games.tactic.net\/no\/wp-json\/wp\/v2\/media?parent=201110"}],"wp:term":[{"taxonomy":"product_brand","embeddable":true,"href":"https:\/\/games.tactic.net\/no\/wp-json\/wp\/v2\/product_brand?post=201110"},{"taxonomy":"product_cat","embeddable":true,"href":"https:\/\/games.tactic.net\/no\/wp-json\/wp\/v2\/product_cat?post=201110"},{"taxonomy":"product_tag","embeddable":true,"href":"https:\/\/games.tactic.net\/no\/wp-json\/wp\/v2\/product_tag?post=201110"},{"taxonomy":"brand","embeddable":true,"href":"https:\/\/games.tactic.net\/no\/wp-json\/wp\/v2\/brand?post=201110"},{"taxonomy":"target-group","embeddable":true,"href":"https:\/\/games.tactic.net\/no\/wp-json\/wp\/v2\/target-group?post=201110"},{"taxonomy":"discontinued","embeddable":true,"href":"https:\/\/games.tactic.net\/no\/wp-json\/wp\/v2\/discontinued?post=201110"}],"curies":[{"name":"wp","href":"https:\/\/api.w.org\/{rel}","templated":true}]}}