{"id":201095,"date":"2021-10-04T13:01:14","date_gmt":"2021-10-04T10:01:14","guid":{"rendered":"http:\/\/dev.tactic.net\/tuote\/junior-bingo\/"},"modified":"2023-10-25T14:19:37","modified_gmt":"2023-10-25T11:19:37","slug":"junior-bingo","status":"publish","type":"product","link":"https:\/\/games.tactic.net\/no\/tuote\/junior-bingo\/","title":{"rendered":"Junior Bingo board game"},"content":{"rendered":"<p>I hver runde plukker spillerne opp en brikke fra bordet som de pr\u00f8ver \u00e5 plassere p\u00e5 sitt bingobrett. Spilleren som f\u00f8rst danner en rekke med fem like bilder vinner spillet!<br \/>\nSpillkomponentene er store, fargerike og tydelige.<br \/>\nAlle spiller samtidig.<br \/>\nReglene er enkle, s\u00e5 dette spillet kan underholde absolutt alle!<\/p>\n","protected":false},"excerpt":{"rendered":"<p>I hver runde plukker spillerne opp en brikke fra bordet som de pr\u00f8ver \u00e5 plassere p\u00e5 sitt bingobrett. Spilleren som f\u00f8rst danner en rekke med fem like bilder vinner spillet!<\/p>\n","protected":false},"featured_media":0,"template":"","meta":{"content-type":"","_monsterinsights_skip_tracking":false,"_monsterinsights_sitenote_active":false,"_monsterinsights_sitenote_note":"","_monsterinsights_sitenote_category":0},"product_brand":[],"product_cat":[1649],"product_tag":[1003,1233],"brand":[],"target-group":[],"discontinued":[],"class_list":{"0":"post-201095","1":"product","2":"type-product","3":"status-publish","5":"product_cat-barnespill-barnespill","6":"product_tag-hell","7":"product_tag-kombinere-no","9":"first","10":"instock","11":"taxable","12":"shipping-taxable","13":"product-type-simple"},"aioseo_notices":[],"_links":{"self":[{"href":"https:\/\/games.tactic.net\/no\/wp-json\/wp\/v2\/product\/201095","targetHints":{"allow":["GET"]}}],"collection":[{"href":"https:\/\/games.tactic.net\/no\/wp-json\/wp\/v2\/product"}],"about":[{"href":"https:\/\/games.tactic.net\/no\/wp-json\/wp\/v2\/types\/product"}],"wp:attachment":[{"href":"https:\/\/games.tactic.net\/no\/wp-json\/wp\/v2\/media?parent=201095"}],"wp:term":[{"taxonomy":"product_brand","embeddable":true,"href":"https:\/\/games.tactic.net\/no\/wp-json\/wp\/v2\/product_brand?post=201095"},{"taxonomy":"product_cat","embeddable":true,"href":"https:\/\/games.tactic.net\/no\/wp-json\/wp\/v2\/product_cat?post=201095"},{"taxonomy":"product_tag","embeddable":true,"href":"https:\/\/games.tactic.net\/no\/wp-json\/wp\/v2\/product_tag?post=201095"},{"taxonomy":"brand","embeddable":true,"href":"https:\/\/games.tactic.net\/no\/wp-json\/wp\/v2\/brand?post=201095"},{"taxonomy":"target-group","embeddable":true,"href":"https:\/\/games.tactic.net\/no\/wp-json\/wp\/v2\/target-group?post=201095"},{"taxonomy":"discontinued","embeddable":true,"href":"https:\/\/games.tactic.net\/no\/wp-json\/wp\/v2\/discontinued?post=201095"}],"curies":[{"name":"wp","href":"https:\/\/api.w.org\/{rel}","templated":true}]}}