{"id":201037,"date":"2021-10-04T12:59:04","date_gmt":"2021-10-04T09:59:04","guid":{"rendered":"http:\/\/dev.tactic.net\/tuote\/gjett-hva-jeg-er\/"},"modified":"2023-10-25T14:18:51","modified_gmt":"2023-10-25T11:18:51","slug":"gjett-hva-jeg-er","status":"publish","type":"product","link":"https:\/\/games.tactic.net\/no\/tuote\/gjett-hva-jeg-er\/","title":{"rendered":"Gjett hva jeg er"},"content":{"rendered":"<p>Dette er et mime-spill for barn fra 5 \u00e5r hvor man f\u00e5r testet skuespillerferdighetene sine. Man trekker et kort og utf\u00f8rer oppgaven som angis av tallet man fikk p\u00e5 terningen.<br \/>\nFor de yngste som ikke kan lese, er det flere oppgavekort med bilder.<br \/>\nTerningkast 5 i Aftenposten og Stavanger Aftenblad<\/p>\n","protected":false},"excerpt":{"rendered":"<p>Dette er et mime-spill for barn fra 5 \u00e5r hvor man f\u00e5r testet sine skuespiller ferdigheter. Man trekker et kort og utf\u00f8rer oppgaven som tilsvarer hvilket tall man fikk p\u00e5 terningen.<\/p>\n","protected":false},"featured_media":0,"template":"","meta":{"content-type":"","_monsterinsights_skip_tracking":false,"_monsterinsights_sitenote_active":false,"_monsterinsights_sitenote_note":"","_monsterinsights_sitenote_category":0},"product_brand":[],"product_cat":[1649],"product_tag":[],"brand":[],"target-group":[],"discontinued":[],"class_list":{"0":"post-201037","1":"product","2":"type-product","3":"status-publish","5":"product_cat-barnespill-barnespill","7":"first","8":"instock","9":"taxable","10":"shipping-taxable","11":"product-type-simple"},"aioseo_notices":[],"_links":{"self":[{"href":"https:\/\/games.tactic.net\/no\/wp-json\/wp\/v2\/product\/201037","targetHints":{"allow":["GET"]}}],"collection":[{"href":"https:\/\/games.tactic.net\/no\/wp-json\/wp\/v2\/product"}],"about":[{"href":"https:\/\/games.tactic.net\/no\/wp-json\/wp\/v2\/types\/product"}],"wp:attachment":[{"href":"https:\/\/games.tactic.net\/no\/wp-json\/wp\/v2\/media?parent=201037"}],"wp:term":[{"taxonomy":"product_brand","embeddable":true,"href":"https:\/\/games.tactic.net\/no\/wp-json\/wp\/v2\/product_brand?post=201037"},{"taxonomy":"product_cat","embeddable":true,"href":"https:\/\/games.tactic.net\/no\/wp-json\/wp\/v2\/product_cat?post=201037"},{"taxonomy":"product_tag","embeddable":true,"href":"https:\/\/games.tactic.net\/no\/wp-json\/wp\/v2\/product_tag?post=201037"},{"taxonomy":"brand","embeddable":true,"href":"https:\/\/games.tactic.net\/no\/wp-json\/wp\/v2\/brand?post=201037"},{"taxonomy":"target-group","embeddable":true,"href":"https:\/\/games.tactic.net\/no\/wp-json\/wp\/v2\/target-group?post=201037"},{"taxonomy":"discontinued","embeddable":true,"href":"https:\/\/games.tactic.net\/no\/wp-json\/wp\/v2\/discontinued?post=201037"}],"curies":[{"name":"wp","href":"https:\/\/api.w.org\/{rel}","templated":true}]}}