{"id":200923,"date":"2021-10-04T12:53:58","date_gmt":"2021-10-04T09:53:58","guid":{"rendered":"http:\/\/dev.tactic.net\/tuote\/monster-bingo\/"},"modified":"2023-10-25T13:49:21","modified_gmt":"2023-10-25T10:49:21","slug":"monster-bingo","status":"publish","type":"product","link":"https:\/\/games.tactic.net\/no\/tuote\/monster-bingo\/","title":{"rendered":"Monster Bingo"},"content":{"rendered":"<p>Monster-Bingo kommer til \u00e5 gi deg et stort smil! Velg monsteret ditt, rull terningene, og pr\u00f8v \u00e5 danne en rett linje av fire brikker p\u00e5 bingobrettet. Vinneren er den som f\u00f8rst f\u00e5r en hel linje!<br \/>\nPasser for spillere i alle aldre.<br \/>\nInneholder rasende s\u00f8te monster-bingobrett.<\/p>\n","protected":false},"excerpt":{"rendered":"<p>Monster-Bingo kommer til \u00e5 gi deg et stort smil! Velg monsteret ditt, rull terningene, og pr\u00f8v \u00e5 danne en rett linje av fire brikker p\u00e5 bingobrettet. Vinneren er den som f\u00f8rst f\u00e5r en hel linje!<\/p>\n","protected":false},"featured_media":0,"template":"","meta":{"content-type":"","_monsterinsights_skip_tracking":false,"_monsterinsights_sitenote_active":false,"_monsterinsights_sitenote_note":"","_monsterinsights_sitenote_category":0},"product_brand":[],"product_cat":[1649],"product_tag":[1003,1233],"brand":[],"target-group":[],"discontinued":[],"class_list":{"0":"post-200923","1":"product","2":"type-product","3":"status-publish","5":"product_cat-barnespill-barnespill","6":"product_tag-hell","7":"product_tag-kombinere-no","9":"first","10":"instock","11":"taxable","12":"shipping-taxable","13":"product-type-simple"},"aioseo_notices":[],"_links":{"self":[{"href":"https:\/\/games.tactic.net\/no\/wp-json\/wp\/v2\/product\/200923","targetHints":{"allow":["GET"]}}],"collection":[{"href":"https:\/\/games.tactic.net\/no\/wp-json\/wp\/v2\/product"}],"about":[{"href":"https:\/\/games.tactic.net\/no\/wp-json\/wp\/v2\/types\/product"}],"wp:attachment":[{"href":"https:\/\/games.tactic.net\/no\/wp-json\/wp\/v2\/media?parent=200923"}],"wp:term":[{"taxonomy":"product_brand","embeddable":true,"href":"https:\/\/games.tactic.net\/no\/wp-json\/wp\/v2\/product_brand?post=200923"},{"taxonomy":"product_cat","embeddable":true,"href":"https:\/\/games.tactic.net\/no\/wp-json\/wp\/v2\/product_cat?post=200923"},{"taxonomy":"product_tag","embeddable":true,"href":"https:\/\/games.tactic.net\/no\/wp-json\/wp\/v2\/product_tag?post=200923"},{"taxonomy":"brand","embeddable":true,"href":"https:\/\/games.tactic.net\/no\/wp-json\/wp\/v2\/brand?post=200923"},{"taxonomy":"target-group","embeddable":true,"href":"https:\/\/games.tactic.net\/no\/wp-json\/wp\/v2\/target-group?post=200923"},{"taxonomy":"discontinued","embeddable":true,"href":"https:\/\/games.tactic.net\/no\/wp-json\/wp\/v2\/discontinued?post=200923"}],"curies":[{"name":"wp","href":"https:\/\/api.w.org\/{rel}","templated":true}]}}