{"id":200908,"date":"2021-10-04T12:52:44","date_gmt":"2021-10-04T09:52:44","guid":{"rendered":"http:\/\/dev.tactic.net\/tuote\/dyre-yatzy\/"},"modified":"2024-09-20T10:52:28","modified_gmt":"2024-09-20T07:52:28","slug":"dyre-yatzy","status":"archive","type":"product","link":"https:\/\/games.tactic.net\/no\/tuote\/dyre-yatzy\/","title":{"rendered":"Dyre Yatzy"},"content":{"rendered":"<p>Er du klar for en vill omgang med Dyre-Yatzy? Rull de fem terningene, og pr\u00f8v \u00e5 f\u00e5 ulike kombinasjoner p\u00e5 poengblokka. Vinneren er den som har h\u00f8yest poengsum i slutten av spillet!<br \/>\nSpill spillet i esken.<br \/>\nFargerike terninger med s\u00f8te dyreillustrasjoner.<\/p>\n","protected":false},"excerpt":{"rendered":"<p>Er du klar for en vill omgang med Dyre-Yatzy? Rull de fem terningene, og pr\u00f8v \u00e5 f\u00e5 ulike kombinasjoner p\u00e5 poengblokka. Vinneren er den som har h\u00f8yest poengsum i slutten av spillet!<\/p>\n","protected":false},"featured_media":0,"template":"","meta":{"content-type":"","_monsterinsights_skip_tracking":false,"_monsterinsights_sitenote_active":false,"_monsterinsights_sitenote_note":"","_monsterinsights_sitenote_category":0},"product_brand":[],"product_cat":[1649],"product_tag":[358,1239],"brand":[],"target-group":[],"discontinued":[],"class_list":{"0":"post-200908","1":"product","2":"type-product","3":"status-archive","5":"product_cat-barnespill-barnespill","6":"product_tag-beregning","7":"product_tag-strategi-no","9":"first","10":"outofstock","11":"taxable","12":"shipping-taxable","13":"product-type-simple"},"aioseo_notices":[],"_links":{"self":[{"href":"https:\/\/games.tactic.net\/no\/wp-json\/wp\/v2\/product\/200908","targetHints":{"allow":["GET"]}}],"collection":[{"href":"https:\/\/games.tactic.net\/no\/wp-json\/wp\/v2\/product"}],"about":[{"href":"https:\/\/games.tactic.net\/no\/wp-json\/wp\/v2\/types\/product"}],"wp:attachment":[{"href":"https:\/\/games.tactic.net\/no\/wp-json\/wp\/v2\/media?parent=200908"}],"wp:term":[{"taxonomy":"product_brand","embeddable":true,"href":"https:\/\/games.tactic.net\/no\/wp-json\/wp\/v2\/product_brand?post=200908"},{"taxonomy":"product_cat","embeddable":true,"href":"https:\/\/games.tactic.net\/no\/wp-json\/wp\/v2\/product_cat?post=200908"},{"taxonomy":"product_tag","embeddable":true,"href":"https:\/\/games.tactic.net\/no\/wp-json\/wp\/v2\/product_tag?post=200908"},{"taxonomy":"brand","embeddable":true,"href":"https:\/\/games.tactic.net\/no\/wp-json\/wp\/v2\/brand?post=200908"},{"taxonomy":"target-group","embeddable":true,"href":"https:\/\/games.tactic.net\/no\/wp-json\/wp\/v2\/target-group?post=200908"},{"taxonomy":"discontinued","embeddable":true,"href":"https:\/\/games.tactic.net\/no\/wp-json\/wp\/v2\/discontinued?post=200908"}],"curies":[{"name":"wp","href":"https:\/\/api.w.org\/{rel}","templated":true}]}}