{"id":200851,"date":"2021-10-04T12:51:03","date_gmt":"2021-10-04T09:51:03","guid":{"rendered":"http:\/\/dev.tactic.net\/tuote\/sprett-badeballen\/"},"modified":"2023-10-23T09:18:55","modified_gmt":"2023-10-23T06:18:55","slug":"sprett-badeballen","status":"publish","type":"product","link":"https:\/\/games.tactic.net\/no\/tuote\/sprett-badeballen\/","title":{"rendered":"Sprett badeballen"},"content":{"rendered":"<p>Delfinene og selene m\u00f8tes snute til snute i denne morsomme og livlige utfordringen! Velg lag, og pr\u00f8v \u00e5 f\u00e5 tre p\u00e5 rad ved \u00e5 sprette badeballene s\u00e5nn at de lander i b\u00f8lgene. Hver gang laget f\u00e5r tre p\u00e5 rad, f\u00e5r dere plassere et flagg p\u00e5 poeng-\u00f8ya. Det f\u00f8rste laget til \u00e5 heve tre flagg p\u00e5 \u00f8ya vinner!<br \/>\nFantastisk tredimensjonalt spilloppsett!<br \/>\nUnderholdende spill for spillere i alle aldre!<br \/>\nLar barn trene finmotorikken.<\/p>\n","protected":false},"excerpt":{"rendered":"<p>Delfinene og selene m\u00f8tes snute til snute i denne morsomme og livlige utfordringen! Velg lag, og pr\u00f8v \u00e5 f\u00e5 tre p\u00e5 rad ved \u00e5 sprette badeballene s\u00e5nn at de lander i b\u00f8lgene. Hver gang laget f\u00e5r tre p\u00e5 rad, f\u00e5r dere plassere et flagg p\u00e5 poeng-\u00f8ya. Det f\u00f8rste laget til \u00e5 heve tre flagg p\u00e5 \u00f8ya vinner!<\/p>\n","protected":false},"featured_media":0,"template":"","meta":{"content-type":"","_monsterinsights_skip_tracking":false,"_monsterinsights_sitenote_active":false,"_monsterinsights_sitenote_note":"","_monsterinsights_sitenote_category":0},"product_brand":[],"product_cat":[1649],"product_tag":[1251,1221],"brand":[],"target-group":[],"discontinued":[],"class_list":{"0":"post-200851","1":"product","2":"type-product","3":"status-publish","5":"product_cat-barnespill-barnespill","6":"product_tag-ferdighet-no","7":"product_tag-funksjon-no","9":"first","10":"instock","11":"taxable","12":"shipping-taxable","13":"product-type-simple"},"aioseo_notices":[],"_links":{"self":[{"href":"https:\/\/games.tactic.net\/no\/wp-json\/wp\/v2\/product\/200851","targetHints":{"allow":["GET"]}}],"collection":[{"href":"https:\/\/games.tactic.net\/no\/wp-json\/wp\/v2\/product"}],"about":[{"href":"https:\/\/games.tactic.net\/no\/wp-json\/wp\/v2\/types\/product"}],"wp:attachment":[{"href":"https:\/\/games.tactic.net\/no\/wp-json\/wp\/v2\/media?parent=200851"}],"wp:term":[{"taxonomy":"product_brand","embeddable":true,"href":"https:\/\/games.tactic.net\/no\/wp-json\/wp\/v2\/product_brand?post=200851"},{"taxonomy":"product_cat","embeddable":true,"href":"https:\/\/games.tactic.net\/no\/wp-json\/wp\/v2\/product_cat?post=200851"},{"taxonomy":"product_tag","embeddable":true,"href":"https:\/\/games.tactic.net\/no\/wp-json\/wp\/v2\/product_tag?post=200851"},{"taxonomy":"brand","embeddable":true,"href":"https:\/\/games.tactic.net\/no\/wp-json\/wp\/v2\/brand?post=200851"},{"taxonomy":"target-group","embeddable":true,"href":"https:\/\/games.tactic.net\/no\/wp-json\/wp\/v2\/target-group?post=200851"},{"taxonomy":"discontinued","embeddable":true,"href":"https:\/\/games.tactic.net\/no\/wp-json\/wp\/v2\/discontinued?post=200851"}],"curies":[{"name":"wp","href":"https:\/\/api.w.org\/{rel}","templated":true}]}}