{"id":200850,"date":"2021-10-04T12:50:21","date_gmt":"2021-10-04T09:50:21","guid":{"rendered":"http:\/\/dev.tactic.net\/tuote\/papegoyalt\/"},"modified":"2024-02-28T16:28:29","modified_gmt":"2024-02-28T14:28:29","slug":"papegoyalt","status":"archive","type":"product","link":"https:\/\/games.tactic.net\/no\/tuote\/papegoyalt\/","title":{"rendered":"Papeg\u00f8yalt"},"content":{"rendered":"<p>Treet er fullt av frukt, og papeg\u00f8yene vil gjerne spise den! Det er lettere sagt enn gjort, for treet vil bare ikke st\u00e5 stille. Treet svaier og svinger hver gang en ny papeg\u00f8ye setter seg i det. Vinneren er den som f\u00f8rst spiller den siste papeg\u00f8yen sin!<br \/>\nPappdeler i h\u00f8y kvalitet.<br \/>\nLar barn trene finmotorikken.<br \/>\nMye moro for hele familien!<\/p>\n","protected":false},"excerpt":{"rendered":"<p>Treet er fullt av frukt, og papeg\u00f8yene vil gjerne spise den! Det er lettere sagt enn gjort, for treet vil bare ikke st\u00e5 stille. Treet svaier og svinger hver gang en ny papeg\u00f8ye setter seg i det. Vinneren er den som f\u00f8rst spiller den siste papeg\u00f8yen sin!<\/p>\n","protected":false},"featured_media":0,"template":"","meta":{"content-type":"","_monsterinsights_skip_tracking":false,"_monsterinsights_sitenote_active":false,"_monsterinsights_sitenote_note":"","_monsterinsights_sitenote_category":0},"product_brand":[],"product_cat":[1649],"product_tag":[1251,1221],"brand":[],"target-group":[],"discontinued":[],"class_list":{"0":"post-200850","1":"product","2":"type-product","3":"status-archive","5":"product_cat-barnespill-barnespill","6":"product_tag-ferdighet-no","7":"product_tag-funksjon-no","9":"first","10":"outofstock","11":"taxable","12":"shipping-taxable","13":"product-type-simple"},"aioseo_notices":[],"_links":{"self":[{"href":"https:\/\/games.tactic.net\/no\/wp-json\/wp\/v2\/product\/200850","targetHints":{"allow":["GET"]}}],"collection":[{"href":"https:\/\/games.tactic.net\/no\/wp-json\/wp\/v2\/product"}],"about":[{"href":"https:\/\/games.tactic.net\/no\/wp-json\/wp\/v2\/types\/product"}],"wp:attachment":[{"href":"https:\/\/games.tactic.net\/no\/wp-json\/wp\/v2\/media?parent=200850"}],"wp:term":[{"taxonomy":"product_brand","embeddable":true,"href":"https:\/\/games.tactic.net\/no\/wp-json\/wp\/v2\/product_brand?post=200850"},{"taxonomy":"product_cat","embeddable":true,"href":"https:\/\/games.tactic.net\/no\/wp-json\/wp\/v2\/product_cat?post=200850"},{"taxonomy":"product_tag","embeddable":true,"href":"https:\/\/games.tactic.net\/no\/wp-json\/wp\/v2\/product_tag?post=200850"},{"taxonomy":"brand","embeddable":true,"href":"https:\/\/games.tactic.net\/no\/wp-json\/wp\/v2\/brand?post=200850"},{"taxonomy":"target-group","embeddable":true,"href":"https:\/\/games.tactic.net\/no\/wp-json\/wp\/v2\/target-group?post=200850"},{"taxonomy":"discontinued","embeddable":true,"href":"https:\/\/games.tactic.net\/no\/wp-json\/wp\/v2\/discontinued?post=200850"}],"curies":[{"name":"wp","href":"https:\/\/api.w.org\/{rel}","templated":true}]}}