{"id":200835,"date":"2021-10-04T12:49:33","date_gmt":"2021-10-04T09:49:33","guid":{"rendered":"http:\/\/dev.tactic.net\/tuote\/scene-smell\/"},"modified":"2023-10-25T13:57:35","modified_gmt":"2023-10-25T10:57:35","slug":"scene-smell","status":"publish","type":"product","link":"https:\/\/games.tactic.net\/no\/tuote\/scene-smell\/","title":{"rendered":"Scene-Smell"},"content":{"rendered":"<p>Morsom og livlig mimelek for barn! \u00c9n spiller mimer, mens de andre gjetter. N\u00e5r de andre gjetter hva den mimende spilleren skildrer, pr\u00f8ver de \u00e5 kapre det rette kortet fra bordet ved \u00e5 smelle det med en klubbe. Den raskeste smelleren f\u00e5r kortet. Den f\u00f8rste spilleren med fem kort vinner!<br \/>\nInneholder fargerike labbeklubber.<\/p>\n","protected":false},"excerpt":{"rendered":"<p>Morsom og livlig mimelek for barn! \u00c9n spiller mimer, mens de andre gjetter. N\u00e5r de andre gjetter hva den mimende spilleren skildrer, pr\u00f8ver de \u00e5 kapre det rette kortet fra bordet ved \u00e5 smelle det med en klubbe. Den raskeste smelleren f\u00e5r kortet. Den f\u00f8rste spilleren med fem kort vinner!<\/p>\n","protected":false},"featured_media":0,"template":"","meta":{"content-type":"","_monsterinsights_skip_tracking":false,"_monsterinsights_sitenote_active":false,"_monsterinsights_sitenote_note":"","_monsterinsights_sitenote_category":0},"product_brand":[],"product_cat":[1649],"product_tag":[1221,318,324],"brand":[],"target-group":[],"discontinued":[],"class_list":{"0":"post-200835","1":"product","2":"type-product","3":"status-publish","5":"product_cat-barnespill-barnespill","6":"product_tag-funksjon-no","7":"product_tag-hastighet","8":"product_tag-kreativ","10":"first","11":"instock","12":"taxable","13":"shipping-taxable","14":"product-type-simple"},"aioseo_notices":[],"_links":{"self":[{"href":"https:\/\/games.tactic.net\/no\/wp-json\/wp\/v2\/product\/200835","targetHints":{"allow":["GET"]}}],"collection":[{"href":"https:\/\/games.tactic.net\/no\/wp-json\/wp\/v2\/product"}],"about":[{"href":"https:\/\/games.tactic.net\/no\/wp-json\/wp\/v2\/types\/product"}],"wp:attachment":[{"href":"https:\/\/games.tactic.net\/no\/wp-json\/wp\/v2\/media?parent=200835"}],"wp:term":[{"taxonomy":"product_brand","embeddable":true,"href":"https:\/\/games.tactic.net\/no\/wp-json\/wp\/v2\/product_brand?post=200835"},{"taxonomy":"product_cat","embeddable":true,"href":"https:\/\/games.tactic.net\/no\/wp-json\/wp\/v2\/product_cat?post=200835"},{"taxonomy":"product_tag","embeddable":true,"href":"https:\/\/games.tactic.net\/no\/wp-json\/wp\/v2\/product_tag?post=200835"},{"taxonomy":"brand","embeddable":true,"href":"https:\/\/games.tactic.net\/no\/wp-json\/wp\/v2\/brand?post=200835"},{"taxonomy":"target-group","embeddable":true,"href":"https:\/\/games.tactic.net\/no\/wp-json\/wp\/v2\/target-group?post=200835"},{"taxonomy":"discontinued","embeddable":true,"href":"https:\/\/games.tactic.net\/no\/wp-json\/wp\/v2\/discontinued?post=200835"}],"curies":[{"name":"wp","href":"https:\/\/api.w.org\/{rel}","templated":true}]}}