{"id":200834,"date":"2021-10-04T12:48:38","date_gmt":"2021-10-04T09:48:38","guid":{"rendered":"http:\/\/dev.tactic.net\/tuote\/sok-finn-safari\/"},"modified":"2023-10-23T11:24:41","modified_gmt":"2023-10-23T08:24:41","slug":"sok-finn-safari","status":"publish","type":"product","link":"https:\/\/games.tactic.net\/no\/tuote\/sok-finn-safari\/","title":{"rendered":"S\u00f8k og Finn Safari"},"content":{"rendered":"<p>Velkommen p\u00e5 safari! Se etter safaridyrene som vises p\u00e5 kortene, og pek p\u00e5 dem samtidig! Hvis du gj\u00f8r det f\u00f8r de andre spillerne, blir du bel\u00f8nnet med en dyrefigur!<br \/>\nLar barna bruke observasjonsevnen.<br \/>\nDet tosidige spillebrettet best\u00e5r av gigantiske puslebiter og blir forskjellig hver gang.<\/p>\n<p><img decoding=\"async\" src=\"https:\\\\\\\\games.tactic.net\\\\pic\\\\logo\\\\Awarded_concept.png\"><img decoding=\"async\" src=\"https:\\\\\\\\games.tactic.net\\\\pic\\\\logo\\\\FI_2020_Vuoden_Lastenpelit.png\"><img decoding=\"async\" src=\"https:\\\\\\\\games.tactic.net\\\\pic\\\\logo\\\\SE_2020_Arets-Barnspel.png\"><\/p>\n","protected":false},"excerpt":{"rendered":"<p>Velkommen p\u00e5 safari! Se etter safaridyrene som vises p\u00e5 kortene, og pek p\u00e5 dem samtidig! Hvis du gj\u00f8r det f\u00f8r de andre spillerne, blir du bel\u00f8nnet med en dyrefigur!<\/p>\n","protected":false},"featured_media":0,"template":"","meta":{"content-type":"","_monsterinsights_skip_tracking":false,"_monsterinsights_sitenote_active":false,"_monsterinsights_sitenote_note":"","_monsterinsights_sitenote_category":0},"product_brand":[],"product_cat":[1649],"product_tag":[1221,318,1233],"brand":[],"target-group":[],"discontinued":[],"class_list":{"0":"post-200834","1":"product","2":"type-product","3":"status-publish","5":"product_cat-barnespill-barnespill","6":"product_tag-funksjon-no","7":"product_tag-hastighet","8":"product_tag-kombinere-no","10":"first","11":"instock","12":"taxable","13":"shipping-taxable","14":"product-type-simple"},"aioseo_notices":[],"_links":{"self":[{"href":"https:\/\/games.tactic.net\/no\/wp-json\/wp\/v2\/product\/200834","targetHints":{"allow":["GET"]}}],"collection":[{"href":"https:\/\/games.tactic.net\/no\/wp-json\/wp\/v2\/product"}],"about":[{"href":"https:\/\/games.tactic.net\/no\/wp-json\/wp\/v2\/types\/product"}],"wp:attachment":[{"href":"https:\/\/games.tactic.net\/no\/wp-json\/wp\/v2\/media?parent=200834"}],"wp:term":[{"taxonomy":"product_brand","embeddable":true,"href":"https:\/\/games.tactic.net\/no\/wp-json\/wp\/v2\/product_brand?post=200834"},{"taxonomy":"product_cat","embeddable":true,"href":"https:\/\/games.tactic.net\/no\/wp-json\/wp\/v2\/product_cat?post=200834"},{"taxonomy":"product_tag","embeddable":true,"href":"https:\/\/games.tactic.net\/no\/wp-json\/wp\/v2\/product_tag?post=200834"},{"taxonomy":"brand","embeddable":true,"href":"https:\/\/games.tactic.net\/no\/wp-json\/wp\/v2\/brand?post=200834"},{"taxonomy":"target-group","embeddable":true,"href":"https:\/\/games.tactic.net\/no\/wp-json\/wp\/v2\/target-group?post=200834"},{"taxonomy":"discontinued","embeddable":true,"href":"https:\/\/games.tactic.net\/no\/wp-json\/wp\/v2\/discontinued?post=200834"}],"curies":[{"name":"wp","href":"https:\/\/api.w.org\/{rel}","templated":true}]}}