{"id":200833,"date":"2021-10-04T12:48:09","date_gmt":"2021-10-04T09:48:09","guid":{"rendered":"http:\/\/dev.tactic.net\/tuote\/sok-og-finnbondegard\/"},"modified":"2024-09-26T13:48:40","modified_gmt":"2024-09-26T10:48:40","slug":"sok-og-finnbondegard","status":"publish","type":"product","link":"https:\/\/games.tactic.net\/no\/tuote\/sok-og-finnbondegard\/","title":{"rendered":"S\u00f8k og Finn Bondeg\u00e5rd"},"content":{"rendered":"<p>Velkommen til landsbygda! Bondeg\u00e5rden er full av lek og moro \u2013 og denne gangen leker dyrene gjemsel. Kortene forteller deg hvilke to dyr du m\u00e5 finne, og den raskeste s\u00f8keren f\u00e5r en bel\u00f8nning. Spillebrettet best\u00e5r av store puslebiter som gj\u00f8r hvert spill annerledes, og spillerne kan velge mellom en enklere eller en mer utfordrende versjon.<\/p>\n<p><img decoding=\"async\" src=\"https:\\\\\\\\games.tactic.net\\\\pic\\\\logo\\\\Awarded_concept.png\"><\/p>\n","protected":false},"excerpt":{"rendered":"<p>Velkommen til landsbygda! Bondeg\u00e5rden er full av lek og moro \u2013 og denne gangen leker dyrene gjemsel. Kortene forteller deg hvilke to dyr du m\u00e5 finne, og den raskeste s\u00f8keren f\u00e5r en bel\u00f8nning. Spillebrettet best\u00e5r av store puslebiter som gj\u00f8r hvert spill annerledes, og spillerne kan velge mellom en enklere eller en mer utfordrende versjon.<\/p>\n","protected":false},"featured_media":0,"template":"","meta":{"content-type":"","_monsterinsights_skip_tracking":false,"_monsterinsights_sitenote_active":false,"_monsterinsights_sitenote_note":"","_monsterinsights_sitenote_category":0},"product_brand":[],"product_cat":[1649],"product_tag":[1221,318,1233],"brand":[],"target-group":[],"discontinued":[],"class_list":{"0":"post-200833","1":"product","2":"type-product","3":"status-publish","5":"product_cat-barnespill-barnespill","6":"product_tag-funksjon-no","7":"product_tag-hastighet","8":"product_tag-kombinere-no","10":"first","11":"instock","12":"taxable","13":"shipping-taxable","14":"product-type-simple"},"aioseo_notices":[],"_links":{"self":[{"href":"https:\/\/games.tactic.net\/no\/wp-json\/wp\/v2\/product\/200833","targetHints":{"allow":["GET"]}}],"collection":[{"href":"https:\/\/games.tactic.net\/no\/wp-json\/wp\/v2\/product"}],"about":[{"href":"https:\/\/games.tactic.net\/no\/wp-json\/wp\/v2\/types\/product"}],"wp:attachment":[{"href":"https:\/\/games.tactic.net\/no\/wp-json\/wp\/v2\/media?parent=200833"}],"wp:term":[{"taxonomy":"product_brand","embeddable":true,"href":"https:\/\/games.tactic.net\/no\/wp-json\/wp\/v2\/product_brand?post=200833"},{"taxonomy":"product_cat","embeddable":true,"href":"https:\/\/games.tactic.net\/no\/wp-json\/wp\/v2\/product_cat?post=200833"},{"taxonomy":"product_tag","embeddable":true,"href":"https:\/\/games.tactic.net\/no\/wp-json\/wp\/v2\/product_tag?post=200833"},{"taxonomy":"brand","embeddable":true,"href":"https:\/\/games.tactic.net\/no\/wp-json\/wp\/v2\/brand?post=200833"},{"taxonomy":"target-group","embeddable":true,"href":"https:\/\/games.tactic.net\/no\/wp-json\/wp\/v2\/target-group?post=200833"},{"taxonomy":"discontinued","embeddable":true,"href":"https:\/\/games.tactic.net\/no\/wp-json\/wp\/v2\/discontinued?post=200833"}],"curies":[{"name":"wp","href":"https:\/\/api.w.org\/{rel}","templated":true}]}}