{"id":159081,"date":"2021-09-28T15:20:12","date_gmt":"2021-09-28T12:20:12","guid":{"rendered":"http:\/\/dev.tactic.net\/tuote\/tabletop-table-air-hockey-2in1\/"},"modified":"2022-10-04T09:20:41","modified_gmt":"2022-10-04T06:20:41","slug":"tabletop-table-air-hockey-2in1","status":"archive","type":"product","link":"https:\/\/games.tactic.net\/no\/tuote\/tabletop-table-air-hockey-2in1\/","title":{"rendered":"Tabletop  Table Air Hockey 2in1"},"content":{"rendered":"<p>Ingen verkt\u00f8y er n\u00f8dvendig. Hurtig oppsett og oppbevaring. Maksimal holdbarhet og stabilitet. Avtakbare st\u00e5lben. Inkluderer: Lufthockeybord i tre med batteridrevet vifte, 2 k\u00f8ller, 2 pucker. Bruker 8x &laquo;AA&raquo;-batterier, ikke inkludert.<\/p>\n<div><\/div>\n<div>\n<div>46 x 82 cm x 62,7 cm.<\/div>\n<\/div>\n<div><\/div>\n","protected":false},"excerpt":{"rendered":"<p>Ingen verkt\u00f8y er n\u00f8dvendig. Hurtig oppsett og oppbevaring. Maksimal holdbarhet og stabilitet. Avtakbare st\u00e5lben. Inkluderer: Lufthockeybord i tre med batteridrevet vifte, 2 k\u00f8ller, 2 pucker. Bruker 8x &laquo;AA&raquo;-batterier, ikke inkludert.<\/p>\n","protected":false},"featured_media":0,"template":"","meta":{"content-type":"","_monsterinsights_skip_tracking":false,"_monsterinsights_sitenote_active":false,"_monsterinsights_sitenote_note":"","_monsterinsights_sitenote_category":0},"product_brand":[],"product_cat":[776],"product_tag":[1221],"brand":[],"target-group":[],"discontinued":[],"class_list":{"0":"post-159081","1":"product","2":"type-product","3":"status-archive","5":"product_cat-leker","6":"product_tag-funksjon-no","8":"first","9":"instock","10":"taxable","11":"shipping-taxable","12":"product-type-simple"},"aioseo_notices":[],"_links":{"self":[{"href":"https:\/\/games.tactic.net\/no\/wp-json\/wp\/v2\/product\/159081","targetHints":{"allow":["GET"]}}],"collection":[{"href":"https:\/\/games.tactic.net\/no\/wp-json\/wp\/v2\/product"}],"about":[{"href":"https:\/\/games.tactic.net\/no\/wp-json\/wp\/v2\/types\/product"}],"wp:attachment":[{"href":"https:\/\/games.tactic.net\/no\/wp-json\/wp\/v2\/media?parent=159081"}],"wp:term":[{"taxonomy":"product_brand","embeddable":true,"href":"https:\/\/games.tactic.net\/no\/wp-json\/wp\/v2\/product_brand?post=159081"},{"taxonomy":"product_cat","embeddable":true,"href":"https:\/\/games.tactic.net\/no\/wp-json\/wp\/v2\/product_cat?post=159081"},{"taxonomy":"product_tag","embeddable":true,"href":"https:\/\/games.tactic.net\/no\/wp-json\/wp\/v2\/product_tag?post=159081"},{"taxonomy":"brand","embeddable":true,"href":"https:\/\/games.tactic.net\/no\/wp-json\/wp\/v2\/brand?post=159081"},{"taxonomy":"target-group","embeddable":true,"href":"https:\/\/games.tactic.net\/no\/wp-json\/wp\/v2\/target-group?post=159081"},{"taxonomy":"discontinued","embeddable":true,"href":"https:\/\/games.tactic.net\/no\/wp-json\/wp\/v2\/discontinued?post=159081"}],"curies":[{"name":"wp","href":"https:\/\/api.w.org\/{rel}","templated":true}]}}