{"id":1370721,"date":"2026-05-07T15:39:56","date_gmt":"2026-05-07T12:39:56","guid":{"rendered":"https:\/\/games.tactic.net\/tuote\/plasto-sand-set-for-water-play-soft-neutrals\/"},"modified":"2026-05-07T15:39:56","modified_gmt":"2026-05-07T12:39:56","slug":"plasto-sand-set-for-water-play-soft-neutrals","status":"publish","type":"product","link":"https:\/\/games.tactic.net\/no\/tuote\/plasto-sand-set-for-water-play-soft-neutrals\/","title":{"rendered":"PLASTO Sand Set for Water Play Soft Neutrals"},"content":{"rendered":"<p>Spesialutgave \u2013 Flotte duse farger &#8211; naturlige nyanser. Plasto b\u00f8ttesett best\u00e5r av 6 deler av h\u00f8y kvalitet: en b\u00f8tte med helletut, en b\u00e5t, en spade og tre sandformer. Volum p\u00e5 b\u00f8tten 1,4 L. Lengde p\u00e5 b\u00e5ten 27 cm. Lengde p\u00e5 spaden 25 cm. Alder 1+. Laget i Finland.<\/p>\n","protected":false},"excerpt":{"rendered":"<p>Et h\u00f8ykvalitets b\u00f8ttesett i flotte duse farger.<\/p>\n","protected":false},"featured_media":0,"template":"","meta":{"content-type":"","_monsterinsights_skip_tracking":false,"_monsterinsights_sitenote_active":false,"_monsterinsights_sitenote_note":"","_monsterinsights_sitenote_category":0},"product_brand":[],"product_cat":[2306],"product_tag":[],"brand":[{"id":2316,"name":"Plasto","slug":"plasto-4"}],"target-group":[],"discontinued":[],"class_list":{"0":"post-1370721","1":"product","2":"type-product","3":"status-publish","5":"product_cat-plasto-leker","6":"brand-plasto-4","8":"first","9":"instock","10":"taxable","11":"shipping-taxable","12":"product-type-simple"},"aioseo_notices":[],"_links":{"self":[{"href":"https:\/\/games.tactic.net\/no\/wp-json\/wp\/v2\/product\/1370721","targetHints":{"allow":["GET"]}}],"collection":[{"href":"https:\/\/games.tactic.net\/no\/wp-json\/wp\/v2\/product"}],"about":[{"href":"https:\/\/games.tactic.net\/no\/wp-json\/wp\/v2\/types\/product"}],"wp:attachment":[{"href":"https:\/\/games.tactic.net\/no\/wp-json\/wp\/v2\/media?parent=1370721"}],"wp:term":[{"taxonomy":"product_brand","embeddable":true,"href":"https:\/\/games.tactic.net\/no\/wp-json\/wp\/v2\/product_brand?post=1370721"},{"taxonomy":"product_cat","embeddable":true,"href":"https:\/\/games.tactic.net\/no\/wp-json\/wp\/v2\/product_cat?post=1370721"},{"taxonomy":"product_tag","embeddable":true,"href":"https:\/\/games.tactic.net\/no\/wp-json\/wp\/v2\/product_tag?post=1370721"},{"taxonomy":"brand","embeddable":true,"href":"https:\/\/games.tactic.net\/no\/wp-json\/wp\/v2\/brand?post=1370721"},{"taxonomy":"target-group","embeddable":true,"href":"https:\/\/games.tactic.net\/no\/wp-json\/wp\/v2\/target-group?post=1370721"},{"taxonomy":"discontinued","embeddable":true,"href":"https:\/\/games.tactic.net\/no\/wp-json\/wp\/v2\/discontinued?post=1370721"}],"curies":[{"name":"wp","href":"https:\/\/api.w.org\/{rel}","templated":true}]}}