{"id":1370720,"date":"2026-05-06T15:06:41","date_gmt":"2026-05-06T12:06:41","guid":{"rendered":"https:\/\/games.tactic.net\/tuote\/plasto-kuuelain-kurkkumaasta-keltainen\/"},"modified":"2026-05-06T15:06:41","modified_gmt":"2026-05-06T12:06:41","slug":"plasto-kuuelain-kurkkumaasta-keltainen","status":"publish","type":"product","link":"https:\/\/games.tactic.net\/no\/tuote\/plasto-kuuelain-kurkkumaasta-keltainen\/","title":{"rendered":"PLASTO Kuuel\u00e4in Kurkkumaasta keltainen"},"content":{"rendered":"<p>M\u00e5nedyret fra Agurkeland, vennene mine kaller meg Jeccu. Jeg er klar for nye eventyr \u2013 er du? N\u00e5r vi ruller mot nye eventyr, sitter du veldig komfortabelt. Seteh\u00f8yden er 22 cm, helt passende for sm\u00e5 passasjerer. Jeg er en veldig kjent leket\u00f8ysklassiker fra Plasto-leket\u00f8yfabrikken i Finland. Og n\u00e5 er jeg klar for nye eventyr. Skal vi reise sammen? Lengde 58,5 cm. Anbefalt alder 1+.<\/p>\n","protected":false},"excerpt":{"rendered":"<p>M\u00e5nedyret fra Agurkeland, vennene mine kaller meg Jeccu. Jeg er klar for nye eventyr \u2013 er du? N\u00e5r vi ruller mot nye eventyr, sitter du veldig komfortabelt. Seteh\u00f8yden er 22 cm, helt passende for sm\u00e5 passasjerer. Jeg er en veldig kjent leket\u00f8ysklassiker fra Plasto-leket\u00f8yfabrikken i Finland. Og n\u00e5 er jeg klar for nye eventyr. Skal [&hellip;]<\/p>\n","protected":false},"featured_media":0,"template":"","meta":{"content-type":"","_monsterinsights_skip_tracking":false,"_monsterinsights_sitenote_active":false,"_monsterinsights_sitenote_note":"","_monsterinsights_sitenote_category":0},"product_brand":[],"product_cat":[2306],"product_tag":[],"brand":[{"id":2353,"name":"Moonimal","slug":"moonimal"},{"id":2316,"name":"Plasto","slug":"plasto-4"}],"target-group":[],"discontinued":[],"class_list":{"0":"post-1370720","1":"product","2":"type-product","3":"status-publish","5":"product_cat-plasto-leker","6":"brand-moonimal","7":"brand-plasto-4","9":"first","10":"instock","11":"taxable","12":"shipping-taxable","13":"product-type-simple"},"aioseo_notices":[],"_links":{"self":[{"href":"https:\/\/games.tactic.net\/no\/wp-json\/wp\/v2\/product\/1370720","targetHints":{"allow":["GET"]}}],"collection":[{"href":"https:\/\/games.tactic.net\/no\/wp-json\/wp\/v2\/product"}],"about":[{"href":"https:\/\/games.tactic.net\/no\/wp-json\/wp\/v2\/types\/product"}],"wp:attachment":[{"href":"https:\/\/games.tactic.net\/no\/wp-json\/wp\/v2\/media?parent=1370720"}],"wp:term":[{"taxonomy":"product_brand","embeddable":true,"href":"https:\/\/games.tactic.net\/no\/wp-json\/wp\/v2\/product_brand?post=1370720"},{"taxonomy":"product_cat","embeddable":true,"href":"https:\/\/games.tactic.net\/no\/wp-json\/wp\/v2\/product_cat?post=1370720"},{"taxonomy":"product_tag","embeddable":true,"href":"https:\/\/games.tactic.net\/no\/wp-json\/wp\/v2\/product_tag?post=1370720"},{"taxonomy":"brand","embeddable":true,"href":"https:\/\/games.tactic.net\/no\/wp-json\/wp\/v2\/brand?post=1370720"},{"taxonomy":"target-group","embeddable":true,"href":"https:\/\/games.tactic.net\/no\/wp-json\/wp\/v2\/target-group?post=1370720"},{"taxonomy":"discontinued","embeddable":true,"href":"https:\/\/games.tactic.net\/no\/wp-json\/wp\/v2\/discontinued?post=1370720"}],"curies":[{"name":"wp","href":"https:\/\/api.w.org\/{rel}","templated":true}]}}