{"id":1370663,"date":"2026-04-24T14:13:18","date_gmt":"2026-04-24T11:13:18","guid":{"rendered":"https:\/\/games.tactic.net\/tuote\/bworld-figure-police-special-forces\/"},"modified":"2026-04-24T14:13:18","modified_gmt":"2026-04-24T11:13:18","slug":"bworld-figure-police-special-forces","status":"publish","type":"product","link":"https:\/\/games.tactic.net\/no\/tuote\/bworld-figure-police-special-forces\/","title":{"rendered":"bworld Figure Police Special Forces"},"content":{"rendered":"<p>N\u00e5r politiets operasjoner blir kritiske, tilkalles Politiets Spesialenhet for \u00e5 l\u00f8se situasjonen.<\/p>\n<p>N\u00e5 gir denne spesialenheten ogs\u00e5 forsterkning til BRUDERs rednings- og sikkerhetstjenester.<\/p>\n<p>Medf\u00f8lgende spesialutstyr inkluderer blant annet beskyttelsesskjold.<\/p>\n<p>Bworlds politistasjon (art.nr. 62732) og MB Sprinter Politiets Spesialenhet (art.nr. 02685) er perfekte tillegg til denne godt utstyrte politienheten.<\/p>\n","protected":false},"excerpt":{"rendered":"<p>N\u00e5r politiets operasjoner blir kritiske, tilkalles Politiets Spesialenhet for \u00e5 l\u00f8se situasjonen.<\/p>\n","protected":false},"featured_media":0,"template":"","meta":{"content-type":"","_monsterinsights_skip_tracking":false,"_monsterinsights_sitenote_active":false,"_monsterinsights_sitenote_note":"","_monsterinsights_sitenote_category":0},"product_brand":[],"product_cat":[1705],"product_tag":[],"brand":[],"target-group":[],"discontinued":[],"class_list":{"0":"post-1370663","1":"product","2":"type-product","3":"status-publish","5":"product_cat-bruder-leker","7":"first","8":"instock","9":"taxable","10":"shipping-taxable","11":"product-type-simple"},"aioseo_notices":[],"_links":{"self":[{"href":"https:\/\/games.tactic.net\/no\/wp-json\/wp\/v2\/product\/1370663","targetHints":{"allow":["GET"]}}],"collection":[{"href":"https:\/\/games.tactic.net\/no\/wp-json\/wp\/v2\/product"}],"about":[{"href":"https:\/\/games.tactic.net\/no\/wp-json\/wp\/v2\/types\/product"}],"wp:attachment":[{"href":"https:\/\/games.tactic.net\/no\/wp-json\/wp\/v2\/media?parent=1370663"}],"wp:term":[{"taxonomy":"product_brand","embeddable":true,"href":"https:\/\/games.tactic.net\/no\/wp-json\/wp\/v2\/product_brand?post=1370663"},{"taxonomy":"product_cat","embeddable":true,"href":"https:\/\/games.tactic.net\/no\/wp-json\/wp\/v2\/product_cat?post=1370663"},{"taxonomy":"product_tag","embeddable":true,"href":"https:\/\/games.tactic.net\/no\/wp-json\/wp\/v2\/product_tag?post=1370663"},{"taxonomy":"brand","embeddable":true,"href":"https:\/\/games.tactic.net\/no\/wp-json\/wp\/v2\/brand?post=1370663"},{"taxonomy":"target-group","embeddable":true,"href":"https:\/\/games.tactic.net\/no\/wp-json\/wp\/v2\/target-group?post=1370663"},{"taxonomy":"discontinued","embeddable":true,"href":"https:\/\/games.tactic.net\/no\/wp-json\/wp\/v2\/discontinued?post=1370663"}],"curies":[{"name":"wp","href":"https:\/\/api.w.org\/{rel}","templated":true}]}}