{"id":1370655,"date":"2026-04-24T13:42:50","date_gmt":"2026-04-24T10:42:50","guid":{"rendered":"https:\/\/games.tactic.net\/tuote\/heros-constructor-vario-kjoretoy-70-stk\/"},"modified":"2026-04-24T13:42:50","modified_gmt":"2026-04-24T10:42:50","slug":"heros-constructor-vario-kjoretoy-70-stk","status":"publish","type":"product","link":"https:\/\/games.tactic.net\/no\/tuote\/heros-constructor-vario-kjoretoy-70-stk\/","title":{"rendered":"Heros Constructor Vario-kj\u00f8ret\u00f8y 70 stk"},"content":{"rendered":"<p>Allsidig byggeglede! Dette Heros Constructor-settet med 70 deler lar barn bygge fire forskjellige modeller \u2013 kranbil, helikopter, fly og trehjuling. Fremmer kreativitet: barna kan f\u00f8lge instruksjonene eller lage sine egne byggverk. Trygt og slitesterkt: laget av 100 % FSC\u00ae-sertifisert b\u00f8k og robust plast. St\u00f8tter utvikling: trener finmotorikk og romforst\u00e5else fra 3-\u00e5rsalderen.<\/p>\n","protected":false},"excerpt":{"rendered":"<p>Bygg 4 forskjellige modeller ved hjelp av veiledning \u2013 eller la fantasien styre!<\/p>\n","protected":false},"featured_media":0,"template":"","meta":{"content-type":"","_monsterinsights_skip_tracking":false,"_monsterinsights_sitenote_active":false,"_monsterinsights_sitenote_note":"","_monsterinsights_sitenote_category":0},"product_brand":[],"product_cat":[2348],"product_tag":[],"brand":[{"id":2382,"name":"Heros","slug":"heros"}],"target-group":[],"discontinued":[],"class_list":{"0":"post-1370655","1":"product","2":"type-product","3":"status-publish","5":"product_cat-heros-wooden-toys","6":"brand-heros","8":"first","9":"instock","10":"taxable","11":"shipping-taxable","12":"product-type-simple"},"aioseo_notices":[],"_links":{"self":[{"href":"https:\/\/games.tactic.net\/no\/wp-json\/wp\/v2\/product\/1370655","targetHints":{"allow":["GET"]}}],"collection":[{"href":"https:\/\/games.tactic.net\/no\/wp-json\/wp\/v2\/product"}],"about":[{"href":"https:\/\/games.tactic.net\/no\/wp-json\/wp\/v2\/types\/product"}],"wp:attachment":[{"href":"https:\/\/games.tactic.net\/no\/wp-json\/wp\/v2\/media?parent=1370655"}],"wp:term":[{"taxonomy":"product_brand","embeddable":true,"href":"https:\/\/games.tactic.net\/no\/wp-json\/wp\/v2\/product_brand?post=1370655"},{"taxonomy":"product_cat","embeddable":true,"href":"https:\/\/games.tactic.net\/no\/wp-json\/wp\/v2\/product_cat?post=1370655"},{"taxonomy":"product_tag","embeddable":true,"href":"https:\/\/games.tactic.net\/no\/wp-json\/wp\/v2\/product_tag?post=1370655"},{"taxonomy":"brand","embeddable":true,"href":"https:\/\/games.tactic.net\/no\/wp-json\/wp\/v2\/brand?post=1370655"},{"taxonomy":"target-group","embeddable":true,"href":"https:\/\/games.tactic.net\/no\/wp-json\/wp\/v2\/target-group?post=1370655"},{"taxonomy":"discontinued","embeddable":true,"href":"https:\/\/games.tactic.net\/no\/wp-json\/wp\/v2\/discontinued?post=1370655"}],"curies":[{"name":"wp","href":"https:\/\/api.w.org\/{rel}","templated":true}]}}