{"id":1370637,"date":"2026-04-24T13:19:29","date_gmt":"2026-04-24T10:19:29","guid":{"rendered":"https:\/\/games.tactic.net\/tuote\/gamesson-football-table-defender\/"},"modified":"2026-04-24T13:19:29","modified_gmt":"2026-04-24T10:19:29","slug":"gamesson-football-table-defender","status":"publish","type":"product","link":"https:\/\/games.tactic.net\/no\/tuote\/gamesson-football-table-defender\/","title":{"rendered":"Gamesson Football table Defender"},"content":{"rendered":"<p>Bordfotball. St\u00f8rrelsen er 91,5 x 49,5 x 10,5 cm &#8211; noe som gir mye spilleglede. Stenger av st\u00e5l, ball i st\u00f8rrelse 32 mm.<\/p>\n","protected":false},"excerpt":{"rendered":"<p>Bordfotball. St\u00f8rrelsen er 91,5 x 49,5 x 10,5 cm &#8211; noe som gir mye spilleglede. Stenger av st\u00e5l, ball i st\u00f8rrelse 32 mm.<\/p>\n","protected":false},"featured_media":0,"template":"","meta":{"content-type":"","_monsterinsights_skip_tracking":false,"_monsterinsights_sitenote_active":false,"_monsterinsights_sitenote_note":"","_monsterinsights_sitenote_category":0},"product_brand":[],"product_cat":[2133],"product_tag":[],"brand":[{"id":2132,"name":"BEX Sport","slug":"bex-sport-2"}],"target-group":[],"discontinued":[],"class_list":{"0":"post-1370637","1":"product","2":"type-product","3":"status-publish","5":"product_cat-bex-sport","6":"brand-bex-sport-2","8":"first","9":"instock","10":"taxable","11":"shipping-taxable","12":"product-type-simple"},"aioseo_notices":[],"_links":{"self":[{"href":"https:\/\/games.tactic.net\/no\/wp-json\/wp\/v2\/product\/1370637","targetHints":{"allow":["GET"]}}],"collection":[{"href":"https:\/\/games.tactic.net\/no\/wp-json\/wp\/v2\/product"}],"about":[{"href":"https:\/\/games.tactic.net\/no\/wp-json\/wp\/v2\/types\/product"}],"wp:attachment":[{"href":"https:\/\/games.tactic.net\/no\/wp-json\/wp\/v2\/media?parent=1370637"}],"wp:term":[{"taxonomy":"product_brand","embeddable":true,"href":"https:\/\/games.tactic.net\/no\/wp-json\/wp\/v2\/product_brand?post=1370637"},{"taxonomy":"product_cat","embeddable":true,"href":"https:\/\/games.tactic.net\/no\/wp-json\/wp\/v2\/product_cat?post=1370637"},{"taxonomy":"product_tag","embeddable":true,"href":"https:\/\/games.tactic.net\/no\/wp-json\/wp\/v2\/product_tag?post=1370637"},{"taxonomy":"brand","embeddable":true,"href":"https:\/\/games.tactic.net\/no\/wp-json\/wp\/v2\/brand?post=1370637"},{"taxonomy":"target-group","embeddable":true,"href":"https:\/\/games.tactic.net\/no\/wp-json\/wp\/v2\/target-group?post=1370637"},{"taxonomy":"discontinued","embeddable":true,"href":"https:\/\/games.tactic.net\/no\/wp-json\/wp\/v2\/discontinued?post=1370637"}],"curies":[{"name":"wp","href":"https:\/\/api.w.org\/{rel}","templated":true}]}}