{"id":1370629,"date":"2026-04-23T13:19:51","date_gmt":"2026-04-23T10:19:51","guid":{"rendered":"https:\/\/games.tactic.net\/tuote\/mb-sprinter-police-special-forces\/"},"modified":"2026-04-23T13:19:51","modified_gmt":"2026-04-23T10:19:51","slug":"mb-sprinter-police-special-forces","status":"publish","type":"product","link":"https:\/\/games.tactic.net\/no\/tuote\/mb-sprinter-police-special-forces\/","title":{"rendered":"MB Sprinter Police Special Forces"},"content":{"rendered":"<p>MB Sprinter tilbyr nesten ubegrensede bruksomr\u00e5der takket v\u00e6re sine mange modellvarianter.<\/p>\n<p>Kj\u00f8ret\u00f8yet er ogs\u00e5 popul\u00e6rt hos politiet og brukes jevnlig til en rekke ulike oppdrag.<\/p>\n<p>N\u00e5r situasjoner blir krevende, tilkalles politiets spesialenheter for \u00e5 forsterke innsatsen og l\u00f8se situasjonen.<\/p>\n<p>Denne spesialenheten styrker n\u00e5 ogs\u00e5 BRUDERs styrker. Med sitt omfattende spesialutstyr kan den medf\u00f8lgende politifiguren gi n\u00f8dvendig st\u00f8tte til sine kolleger.<\/p>\n<p>Ved behov kan p\u00e5grepne mistenkte transporteres i forvaring i den separate arresten.<\/p>\n<p>M\u00e5l: 43,5 cm \u00d7 16,3 cm \u00d7 18,5 cm.<\/p>\n<p>F\u00f8rerhusets vinduer er laget av gjennomsiktig og slagfast plast.<\/p>\n<p>D\u00f8rer kan \u00e5pnes.<\/p>\n<p>Skyved\u00f8r med klikkfeste.<\/p>\n<p>Innhold: bworld spesialenhets-politifigur med skjold og utstyr.<\/p>\n","protected":false},"excerpt":{"rendered":"<p>MB Sprinter tilbyr nesten ubegrensede bruksomr\u00e5der takket v\u00e6re sine mange modellvarianter.<\/p>\n<p>Kj\u00f8ret\u00f8yet er ogs\u00e5 popul\u00e6rt hos politiet og brukes jevnlig til en rekke ulike oppdrag.<\/p>\n","protected":false},"featured_media":0,"template":"","meta":{"content-type":"","_monsterinsights_skip_tracking":false,"_monsterinsights_sitenote_active":false,"_monsterinsights_sitenote_note":"","_monsterinsights_sitenote_category":0},"product_brand":[],"product_cat":[1705],"product_tag":[],"brand":[],"target-group":[],"discontinued":[],"class_list":{"0":"post-1370629","1":"product","2":"type-product","3":"status-publish","5":"product_cat-bruder-leker","7":"first","8":"instock","9":"taxable","10":"shipping-taxable","11":"product-type-simple"},"aioseo_notices":[],"_links":{"self":[{"href":"https:\/\/games.tactic.net\/no\/wp-json\/wp\/v2\/product\/1370629","targetHints":{"allow":["GET"]}}],"collection":[{"href":"https:\/\/games.tactic.net\/no\/wp-json\/wp\/v2\/product"}],"about":[{"href":"https:\/\/games.tactic.net\/no\/wp-json\/wp\/v2\/types\/product"}],"wp:attachment":[{"href":"https:\/\/games.tactic.net\/no\/wp-json\/wp\/v2\/media?parent=1370629"}],"wp:term":[{"taxonomy":"product_brand","embeddable":true,"href":"https:\/\/games.tactic.net\/no\/wp-json\/wp\/v2\/product_brand?post=1370629"},{"taxonomy":"product_cat","embeddable":true,"href":"https:\/\/games.tactic.net\/no\/wp-json\/wp\/v2\/product_cat?post=1370629"},{"taxonomy":"product_tag","embeddable":true,"href":"https:\/\/games.tactic.net\/no\/wp-json\/wp\/v2\/product_tag?post=1370629"},{"taxonomy":"brand","embeddable":true,"href":"https:\/\/games.tactic.net\/no\/wp-json\/wp\/v2\/brand?post=1370629"},{"taxonomy":"target-group","embeddable":true,"href":"https:\/\/games.tactic.net\/no\/wp-json\/wp\/v2\/target-group?post=1370629"},{"taxonomy":"discontinued","embeddable":true,"href":"https:\/\/games.tactic.net\/no\/wp-json\/wp\/v2\/discontinued?post=1370629"}],"curies":[{"name":"wp","href":"https:\/\/api.w.org\/{rel}","templated":true}]}}