{"id":1370622,"date":"2026-04-22T10:08:14","date_gmt":"2026-04-22T07:08:14","guid":{"rendered":"https:\/\/games.tactic.net\/tuote\/mish-match\/"},"modified":"2026-04-22T10:08:14","modified_gmt":"2026-04-22T07:08:14","slug":"mish-match","status":"publish","type":"product","link":"https:\/\/games.tactic.net\/no\/tuote\/mish-match\/","title":{"rendered":"Mish Match"},"content":{"rendered":"<p>Det tilsynelatende enkle, men uendelig morsomme spillet med gr\u00f8nne jordekorn, festlige flamingoer, rullesk\u00f8ytende lilla pandaer, gr\u00e5dige geiter som spiser kjeks og forelskede pingviner. I dette fartsfylte, hysterisk morsomme og tungekr\u00f8llende matchingsspillet gjelder det \u00e5  v\u00e6re f\u00f8rst til \u00e5 finne en match. Jo bedre match, desto mer spr\u00f8tt blir det!<\/p>\n","protected":false},"excerpt":{"rendered":"<p>Et fartsfylt og hysterisk morsomt matchingspill. Hver den f\u00f8rste til \u00e5 finne en match!<\/p>\n","protected":false},"featured_media":0,"template":"","meta":{"content-type":"","_monsterinsights_skip_tracking":false,"_monsterinsights_sitenote_active":false,"_monsterinsights_sitenote_note":"","_monsterinsights_sitenote_category":0},"product_brand":[],"product_cat":[1611],"product_tag":[1003,1233],"brand":[],"target-group":[],"discontinued":[],"class_list":{"0":"post-1370622","1":"product","2":"type-product","3":"status-publish","5":"product_cat-kort-og-terningspill-familiespill","6":"product_tag-hell","7":"product_tag-kombinere-no","9":"first","10":"instock","11":"taxable","12":"shipping-taxable","13":"product-type-simple"},"aioseo_notices":[],"_links":{"self":[{"href":"https:\/\/games.tactic.net\/no\/wp-json\/wp\/v2\/product\/1370622","targetHints":{"allow":["GET"]}}],"collection":[{"href":"https:\/\/games.tactic.net\/no\/wp-json\/wp\/v2\/product"}],"about":[{"href":"https:\/\/games.tactic.net\/no\/wp-json\/wp\/v2\/types\/product"}],"wp:attachment":[{"href":"https:\/\/games.tactic.net\/no\/wp-json\/wp\/v2\/media?parent=1370622"}],"wp:term":[{"taxonomy":"product_brand","embeddable":true,"href":"https:\/\/games.tactic.net\/no\/wp-json\/wp\/v2\/product_brand?post=1370622"},{"taxonomy":"product_cat","embeddable":true,"href":"https:\/\/games.tactic.net\/no\/wp-json\/wp\/v2\/product_cat?post=1370622"},{"taxonomy":"product_tag","embeddable":true,"href":"https:\/\/games.tactic.net\/no\/wp-json\/wp\/v2\/product_tag?post=1370622"},{"taxonomy":"brand","embeddable":true,"href":"https:\/\/games.tactic.net\/no\/wp-json\/wp\/v2\/brand?post=1370622"},{"taxonomy":"target-group","embeddable":true,"href":"https:\/\/games.tactic.net\/no\/wp-json\/wp\/v2\/target-group?post=1370622"},{"taxonomy":"discontinued","embeddable":true,"href":"https:\/\/games.tactic.net\/no\/wp-json\/wp\/v2\/discontinued?post=1370622"}],"curies":[{"name":"wp","href":"https:\/\/api.w.org\/{rel}","templated":true}]}}