{"id":1370619,"date":"2026-04-22T10:07:32","date_gmt":"2026-04-22T07:07:32","guid":{"rendered":"https:\/\/games.tactic.net\/tuote\/egg-or-chicken\/"},"modified":"2026-04-22T10:07:32","modified_gmt":"2026-04-22T07:07:32","slug":"egg-or-chicken","status":"publish","type":"product","link":"https:\/\/games.tactic.net\/no\/tuote\/egg-or-chicken\/","title":{"rendered":"Egg or Chicken"},"content":{"rendered":"<p>Egg or Chicken er et budspill hvor spillerne gjetter hvor mange egg eller kyllinger som vises p\u00e5 rundens kort. Tror du det er flest egg? Eller kanskje kyllinger? Pass deg for reven &#8211; den tar bort en kylling fra hvert kort! Eller stekepanner? Og fjerner et egg fra hvert kort! Pr\u00f8v \u00e5 samle s\u00e5 mange kort som mulig ved \u00e5 gjette bedre enn de andre spillerne. Til slutt vinner spilleren med flest kort!<\/p>\n","protected":false},"excerpt":{"rendered":"<p>Gjett hvor mange egg eller kyllinger som vises p\u00e5 kortene. Tror du det er flest egg? Eller kanskje kyllinger? Pass deg for reven og stekepannene!<\/p>\n","protected":false},"featured_media":0,"template":"","meta":{"content-type":"","_monsterinsights_skip_tracking":false,"_monsterinsights_sitenote_active":false,"_monsterinsights_sitenote_note":"","_monsterinsights_sitenote_category":0},"product_brand":[],"product_cat":[1611],"product_tag":[1003,1233],"brand":[],"target-group":[],"discontinued":[],"class_list":{"0":"post-1370619","1":"product","2":"type-product","3":"status-publish","5":"product_cat-kort-og-terningspill-familiespill","6":"product_tag-hell","7":"product_tag-kombinere-no","9":"first","10":"instock","11":"taxable","12":"shipping-taxable","13":"product-type-simple"},"aioseo_notices":[],"_links":{"self":[{"href":"https:\/\/games.tactic.net\/no\/wp-json\/wp\/v2\/product\/1370619","targetHints":{"allow":["GET"]}}],"collection":[{"href":"https:\/\/games.tactic.net\/no\/wp-json\/wp\/v2\/product"}],"about":[{"href":"https:\/\/games.tactic.net\/no\/wp-json\/wp\/v2\/types\/product"}],"wp:attachment":[{"href":"https:\/\/games.tactic.net\/no\/wp-json\/wp\/v2\/media?parent=1370619"}],"wp:term":[{"taxonomy":"product_brand","embeddable":true,"href":"https:\/\/games.tactic.net\/no\/wp-json\/wp\/v2\/product_brand?post=1370619"},{"taxonomy":"product_cat","embeddable":true,"href":"https:\/\/games.tactic.net\/no\/wp-json\/wp\/v2\/product_cat?post=1370619"},{"taxonomy":"product_tag","embeddable":true,"href":"https:\/\/games.tactic.net\/no\/wp-json\/wp\/v2\/product_tag?post=1370619"},{"taxonomy":"brand","embeddable":true,"href":"https:\/\/games.tactic.net\/no\/wp-json\/wp\/v2\/brand?post=1370619"},{"taxonomy":"target-group","embeddable":true,"href":"https:\/\/games.tactic.net\/no\/wp-json\/wp\/v2\/target-group?post=1370619"},{"taxonomy":"discontinued","embeddable":true,"href":"https:\/\/games.tactic.net\/no\/wp-json\/wp\/v2\/discontinued?post=1370619"}],"curies":[{"name":"wp","href":"https:\/\/api.w.org\/{rel}","templated":true}]}}