{"id":1370574,"date":"2026-04-21T11:06:23","date_gmt":"2026-04-21T08:06:23","guid":{"rendered":"https:\/\/games.tactic.net\/tuote\/gjett-hva\/"},"modified":"2026-04-21T11:06:23","modified_gmt":"2026-04-21T08:06:23","slug":"gjett-hva","status":"publish","type":"product","link":"https:\/\/games.tactic.net\/no\/tuote\/gjett-hva\/","title":{"rendered":"Gjett hva!"},"content":{"rendered":"<p>Et hysterisk morsomt mimespill for hele familien!<br \/>\nEr du en vampyr som pusser tennene, eller en frosk som lager middag? I dette lattervekkende spillet skal du framf\u00f8re morsomme og gale kombinasjoner mens de andre pr\u00f8ver \u00e5 gjette hva du gj\u00f8r!<br \/>\nKast terningene for \u00e5 finne ut hvem du er og hva du gj\u00f8r. Framf\u00f8r det med bevegelser og ansiktsuttrykk \u2013 ingen ord! Hvis en spiller klarer \u00e5 gjette det, f\u00e5r dere begge flytte fram p\u00e5 spillebrettet. F\u00f8rstemann i m\u00e5l vinner!<br \/>\nGj\u00f8r deg klar for en blanding av fantasi, bevegelser og rent t\u00f8ys!<\/p>\n","protected":false},"excerpt":{"rendered":"<p>Et hysterisk morsomt mimespill for hele familien! Er du en vampyr som pusser tennene, eller en frosk som lager middag? I dette lattervekkende spillet skal du framf\u00f8re morsomme og gale kombinasjoner mens de andre pr\u00f8ver \u00e5 gjette hva du gj\u00f8r! Kast terningene for \u00e5 finne ut hvem du er og hva du gj\u00f8r. Framf\u00f8r det [&hellip;]<\/p>\n","protected":false},"featured_media":0,"template":"","meta":{"content-type":"","_monsterinsights_skip_tracking":false,"_monsterinsights_sitenote_active":false,"_monsterinsights_sitenote_note":"","_monsterinsights_sitenote_category":0},"product_brand":[],"product_cat":[1662],"product_tag":[],"brand":[],"target-group":[],"discontinued":[],"class_list":{"0":"post-1370574","1":"product","2":"type-product","3":"status-publish","5":"product_cat-partyspill","7":"first","8":"outofstock","9":"taxable","10":"shipping-taxable","11":"product-type-simple"},"aioseo_notices":[],"_links":{"self":[{"href":"https:\/\/games.tactic.net\/no\/wp-json\/wp\/v2\/product\/1370574","targetHints":{"allow":["GET"]}}],"collection":[{"href":"https:\/\/games.tactic.net\/no\/wp-json\/wp\/v2\/product"}],"about":[{"href":"https:\/\/games.tactic.net\/no\/wp-json\/wp\/v2\/types\/product"}],"wp:attachment":[{"href":"https:\/\/games.tactic.net\/no\/wp-json\/wp\/v2\/media?parent=1370574"}],"wp:term":[{"taxonomy":"product_brand","embeddable":true,"href":"https:\/\/games.tactic.net\/no\/wp-json\/wp\/v2\/product_brand?post=1370574"},{"taxonomy":"product_cat","embeddable":true,"href":"https:\/\/games.tactic.net\/no\/wp-json\/wp\/v2\/product_cat?post=1370574"},{"taxonomy":"product_tag","embeddable":true,"href":"https:\/\/games.tactic.net\/no\/wp-json\/wp\/v2\/product_tag?post=1370574"},{"taxonomy":"brand","embeddable":true,"href":"https:\/\/games.tactic.net\/no\/wp-json\/wp\/v2\/brand?post=1370574"},{"taxonomy":"target-group","embeddable":true,"href":"https:\/\/games.tactic.net\/no\/wp-json\/wp\/v2\/target-group?post=1370574"},{"taxonomy":"discontinued","embeddable":true,"href":"https:\/\/games.tactic.net\/no\/wp-json\/wp\/v2\/discontinued?post=1370574"}],"curies":[{"name":"wp","href":"https:\/\/api.w.org\/{rel}","templated":true}]}}