{"id":1370572,"date":"2026-04-20T17:20:54","date_gmt":"2026-04-20T14:20:54","guid":{"rendered":"https:\/\/games.tactic.net\/tuote\/gamestorm-gift-game-ga-for-fem\/"},"modified":"2026-04-20T17:20:54","modified_gmt":"2026-04-20T14:20:54","slug":"gamestorm-gift-game-ga-for-fem","status":"publish","type":"product","link":"https:\/\/games.tactic.net\/no\/tuote\/gamestorm-gift-game-ga-for-fem\/","title":{"rendered":"Gamestorm Gift Game G\u00e5 for Fem"},"content":{"rendered":"<p>Klarer du \u00e5 sette de riktige 5 p\u00e5 topp? Svar p\u00e5 sp\u00f8rsm\u00e5let ved \u00e5 liste opp fem svaralternativer. Alle spillerne svarer samtidig med sin egen topp 5-liste. Du kan la rader v\u00e6re tomme for \u00e5 unng\u00e5 minus, eller ta risikoen for \u00e5 f\u00e5 mer poeng! Skriv lister i flere forskjellige emner, s\u00e5 som film, spill, dyr, land og idrett.<\/p>\n","protected":false},"excerpt":{"rendered":"<p>Klarer du \u00e5 sette de riktige 5 p\u00e5 topp? Svar p\u00e5 sp\u00f8rsm\u00e5let ved \u00e5 liste opp fem svaralternativer. Alle spillerne svarer samtidig med sin egen topp 5-liste. Du kan la rader v\u00e6re tomme for \u00e5 unng\u00e5 minus, eller ta risikoen for \u00e5 f\u00e5 mer poeng! Skriv lister i flere forskjellige emner, s\u00e5 som film, spill, [&hellip;]<\/p>\n","protected":false},"featured_media":0,"template":"","meta":{"content-type":"","_monsterinsights_skip_tracking":false,"_monsterinsights_sitenote_active":false,"_monsterinsights_sitenote_note":"","_monsterinsights_sitenote_category":0},"product_brand":[],"product_cat":[1662,1661],"product_tag":[1251,1221,1267],"brand":[],"target-group":[],"discontinued":[],"class_list":{"0":"post-1370572","1":"product","2":"type-product","3":"status-publish","5":"product_cat-partyspill","6":"product_cat-selskapsspill-voksenspill","7":"product_tag-ferdighet-no","8":"product_tag-funksjon-no","9":"product_tag-sammen-no","11":"first","12":"instock","13":"taxable","14":"shipping-taxable","15":"product-type-simple"},"aioseo_notices":[],"_links":{"self":[{"href":"https:\/\/games.tactic.net\/no\/wp-json\/wp\/v2\/product\/1370572","targetHints":{"allow":["GET"]}}],"collection":[{"href":"https:\/\/games.tactic.net\/no\/wp-json\/wp\/v2\/product"}],"about":[{"href":"https:\/\/games.tactic.net\/no\/wp-json\/wp\/v2\/types\/product"}],"wp:attachment":[{"href":"https:\/\/games.tactic.net\/no\/wp-json\/wp\/v2\/media?parent=1370572"}],"wp:term":[{"taxonomy":"product_brand","embeddable":true,"href":"https:\/\/games.tactic.net\/no\/wp-json\/wp\/v2\/product_brand?post=1370572"},{"taxonomy":"product_cat","embeddable":true,"href":"https:\/\/games.tactic.net\/no\/wp-json\/wp\/v2\/product_cat?post=1370572"},{"taxonomy":"product_tag","embeddable":true,"href":"https:\/\/games.tactic.net\/no\/wp-json\/wp\/v2\/product_tag?post=1370572"},{"taxonomy":"brand","embeddable":true,"href":"https:\/\/games.tactic.net\/no\/wp-json\/wp\/v2\/brand?post=1370572"},{"taxonomy":"target-group","embeddable":true,"href":"https:\/\/games.tactic.net\/no\/wp-json\/wp\/v2\/target-group?post=1370572"},{"taxonomy":"discontinued","embeddable":true,"href":"https:\/\/games.tactic.net\/no\/wp-json\/wp\/v2\/discontinued?post=1370572"}],"curies":[{"name":"wp","href":"https:\/\/api.w.org\/{rel}","templated":true}]}}