{"id":1370502,"date":"2026-04-17T16:09:18","date_gmt":"2026-04-17T13:09:18","guid":{"rendered":"https:\/\/games.tactic.net\/tuote\/1000-pcs-puzzle-locks-and-keys\/"},"modified":"2026-04-17T16:09:18","modified_gmt":"2026-04-17T13:09:18","slug":"1000-pcs-puzzle-locks-and-keys","status":"publish","type":"product","link":"https:\/\/games.tactic.net\/no\/tuote\/1000-pcs-puzzle-locks-and-keys\/","title":{"rendered":"1000 pcs puzzle: Locks and Keys"},"content":{"rendered":"<p>Oppdag en verden av detaljer og h\u00e5ndverk. Dette puslespillet med 1000 brikker gir en givende utfordring for puslespillelskere som verdsetter historie og tidl\u00f8st design. Perfekt for rolige pusle\u00f8kter og vakkert \u00e5 vise frem n\u00e5r det er ferdig.<\/p>\n","protected":false},"excerpt":{"rendered":"<p>Oppdag en verden av detaljer og h\u00e5ndverk. Dette puslespillet med 1000 brikker gir en givende utfordring for puslespillelskere som verdsetter historie og tidl\u00f8st design. Perfekt for rolige pusle\u00f8kter og vakkert \u00e5 vise frem n\u00e5r det er ferdig.<\/p>\n","protected":false},"featured_media":0,"template":"","meta":{"content-type":"","_monsterinsights_skip_tracking":false,"_monsterinsights_sitenote_active":false,"_monsterinsights_sitenote_note":"","_monsterinsights_sitenote_category":0},"product_brand":[],"product_cat":[922],"product_tag":[],"brand":[],"target-group":[],"discontinued":[],"class_list":{"0":"post-1370502","1":"product","2":"type-product","3":"status-publish","5":"product_cat-1000-brikker","7":"first","8":"instock","9":"taxable","10":"shipping-taxable","11":"product-type-simple"},"aioseo_notices":[],"_links":{"self":[{"href":"https:\/\/games.tactic.net\/no\/wp-json\/wp\/v2\/product\/1370502","targetHints":{"allow":["GET"]}}],"collection":[{"href":"https:\/\/games.tactic.net\/no\/wp-json\/wp\/v2\/product"}],"about":[{"href":"https:\/\/games.tactic.net\/no\/wp-json\/wp\/v2\/types\/product"}],"wp:attachment":[{"href":"https:\/\/games.tactic.net\/no\/wp-json\/wp\/v2\/media?parent=1370502"}],"wp:term":[{"taxonomy":"product_brand","embeddable":true,"href":"https:\/\/games.tactic.net\/no\/wp-json\/wp\/v2\/product_brand?post=1370502"},{"taxonomy":"product_cat","embeddable":true,"href":"https:\/\/games.tactic.net\/no\/wp-json\/wp\/v2\/product_cat?post=1370502"},{"taxonomy":"product_tag","embeddable":true,"href":"https:\/\/games.tactic.net\/no\/wp-json\/wp\/v2\/product_tag?post=1370502"},{"taxonomy":"brand","embeddable":true,"href":"https:\/\/games.tactic.net\/no\/wp-json\/wp\/v2\/brand?post=1370502"},{"taxonomy":"target-group","embeddable":true,"href":"https:\/\/games.tactic.net\/no\/wp-json\/wp\/v2\/target-group?post=1370502"},{"taxonomy":"discontinued","embeddable":true,"href":"https:\/\/games.tactic.net\/no\/wp-json\/wp\/v2\/discontinued?post=1370502"}],"curies":[{"name":"wp","href":"https:\/\/api.w.org\/{rel}","templated":true}]}}