{"id":1370320,"date":"2026-04-16T15:08:37","date_gmt":"2026-04-16T12:08:37","guid":{"rendered":"https:\/\/games.tactic.net\/tuote\/hot-wheels-speed-club-puzzle-1000-pcs\/"},"modified":"2026-04-16T15:08:37","modified_gmt":"2026-04-16T12:08:37","slug":"hot-wheels-speed-club-puzzle-1000-pcs","status":"publish","type":"product","link":"https:\/\/games.tactic.net\/no\/tuote\/hot-wheels-speed-club-puzzle-1000-pcs\/","title":{"rendered":"Hot Wheels Speed Club puzzle 1000 pcs"},"content":{"rendered":"<p>\u00c5 kj\u00f8re raskt har aldri sett bedre ut. Bygg det opp bit for bit med ikoniske Hot Wheels-biler. Laget for \u00e5 se kulere ut og prestere bedre enn noen annen leke der ute. Hot Wheels har produsert tusenvis av ikoniske bildesign som inspirerer fans til \u00e5 utfordre seg selv med fart og stunts.<\/p>\n","protected":false},"excerpt":{"rendered":"<p>\u00c5 kj\u00f8re raskt har aldri sett bedre ut. Bygg det opp bit for bit med ikoniske Hot Wheels-biler. Laget for \u00e5 se kulere ut og prestere bedre enn noen annen leke der ute. Hot Wheels har produsert tusenvis av ikoniske bildesign som inspirerer fans til \u00e5 utfordre seg selv med fart og stunts.<\/p>\n","protected":false},"featured_media":0,"template":"","meta":{"content-type":"","_monsterinsights_skip_tracking":false,"_monsterinsights_sitenote_active":false,"_monsterinsights_sitenote_note":"","_monsterinsights_sitenote_category":0},"product_brand":[],"product_cat":[922],"product_tag":[],"brand":[],"target-group":[],"discontinued":[],"class_list":{"0":"post-1370320","1":"product","2":"type-product","3":"status-publish","5":"product_cat-1000-brikker","7":"first","8":"instock","9":"taxable","10":"shipping-taxable","11":"product-type-simple"},"aioseo_notices":[],"_links":{"self":[{"href":"https:\/\/games.tactic.net\/no\/wp-json\/wp\/v2\/product\/1370320","targetHints":{"allow":["GET"]}}],"collection":[{"href":"https:\/\/games.tactic.net\/no\/wp-json\/wp\/v2\/product"}],"about":[{"href":"https:\/\/games.tactic.net\/no\/wp-json\/wp\/v2\/types\/product"}],"wp:attachment":[{"href":"https:\/\/games.tactic.net\/no\/wp-json\/wp\/v2\/media?parent=1370320"}],"wp:term":[{"taxonomy":"product_brand","embeddable":true,"href":"https:\/\/games.tactic.net\/no\/wp-json\/wp\/v2\/product_brand?post=1370320"},{"taxonomy":"product_cat","embeddable":true,"href":"https:\/\/games.tactic.net\/no\/wp-json\/wp\/v2\/product_cat?post=1370320"},{"taxonomy":"product_tag","embeddable":true,"href":"https:\/\/games.tactic.net\/no\/wp-json\/wp\/v2\/product_tag?post=1370320"},{"taxonomy":"brand","embeddable":true,"href":"https:\/\/games.tactic.net\/no\/wp-json\/wp\/v2\/brand?post=1370320"},{"taxonomy":"target-group","embeddable":true,"href":"https:\/\/games.tactic.net\/no\/wp-json\/wp\/v2\/target-group?post=1370320"},{"taxonomy":"discontinued","embeddable":true,"href":"https:\/\/games.tactic.net\/no\/wp-json\/wp\/v2\/discontinued?post=1370320"}],"curies":[{"name":"wp","href":"https:\/\/api.w.org\/{rel}","templated":true}]}}