{"id":1370317,"date":"2026-04-16T15:08:03","date_gmt":"2026-04-16T12:08:03","guid":{"rendered":"https:\/\/games.tactic.net\/tuote\/barbie-the-original-puzzle-1000-pcs\/"},"modified":"2026-04-16T15:08:03","modified_gmt":"2026-04-16T12:08:03","slug":"barbie-the-original-puzzle-1000-pcs","status":"publish","type":"product","link":"https:\/\/games.tactic.net\/no\/tuote\/barbie-the-original-puzzle-1000-pcs\/","title":{"rendered":"Barbie The Original puzzle 1000 pcs"},"content":{"rendered":"<p>Bli med \u00e5 feire den ikoniske Barbie-dukka med dette puslespillet p\u00e5 1000 biter! Barbie har inspirert generasjoner siden 1959. Hun har v\u00e6rt lege, pilot, designer og har til og med reist ut i verdensrommet. Med utallige karrierer og stiler, har Barbie reflektert og formet dr\u00f8mmene til millioner av mennesker over hele verden. I takt med tiden, og ved \u00e5 bryte grenser, har Barbie vist verden at du kan bli hva du enn vil. Dette puslespillet fanger hennes tidl\u00f8se appell. Bygg det bit for bit!<\/p>\n","protected":false},"excerpt":{"rendered":"<p>Bli med \u00e5 feire den ikoniske Barbie-dukka med dette puslespillet p\u00e5 1000 biter! Barbie har inspirert generasjoner siden 1959. Hun har v\u00e6rt lege, pilot, designer og har til og med reist ut i verdensrommet. Med utallige karrierer og stiler, har Barbie reflektert og formet dr\u00f8mmene til millioner av mennesker over hele verden. I takt med [&hellip;]<\/p>\n","protected":false},"featured_media":0,"template":"","meta":{"content-type":"","_monsterinsights_skip_tracking":false,"_monsterinsights_sitenote_active":false,"_monsterinsights_sitenote_note":"","_monsterinsights_sitenote_category":0},"product_brand":[],"product_cat":[922],"product_tag":[],"brand":[{"id":606,"name":"PuzzleLovers","slug":"puzzlelovers_no"}],"target-group":[],"discontinued":[],"class_list":{"0":"post-1370317","1":"product","2":"type-product","3":"status-publish","5":"product_cat-1000-brikker","6":"brand-puzzlelovers_no","8":"first","9":"instock","10":"taxable","11":"shipping-taxable","12":"product-type-simple"},"aioseo_notices":[],"_links":{"self":[{"href":"https:\/\/games.tactic.net\/no\/wp-json\/wp\/v2\/product\/1370317","targetHints":{"allow":["GET"]}}],"collection":[{"href":"https:\/\/games.tactic.net\/no\/wp-json\/wp\/v2\/product"}],"about":[{"href":"https:\/\/games.tactic.net\/no\/wp-json\/wp\/v2\/types\/product"}],"wp:attachment":[{"href":"https:\/\/games.tactic.net\/no\/wp-json\/wp\/v2\/media?parent=1370317"}],"wp:term":[{"taxonomy":"product_brand","embeddable":true,"href":"https:\/\/games.tactic.net\/no\/wp-json\/wp\/v2\/product_brand?post=1370317"},{"taxonomy":"product_cat","embeddable":true,"href":"https:\/\/games.tactic.net\/no\/wp-json\/wp\/v2\/product_cat?post=1370317"},{"taxonomy":"product_tag","embeddable":true,"href":"https:\/\/games.tactic.net\/no\/wp-json\/wp\/v2\/product_tag?post=1370317"},{"taxonomy":"brand","embeddable":true,"href":"https:\/\/games.tactic.net\/no\/wp-json\/wp\/v2\/brand?post=1370317"},{"taxonomy":"target-group","embeddable":true,"href":"https:\/\/games.tactic.net\/no\/wp-json\/wp\/v2\/target-group?post=1370317"},{"taxonomy":"discontinued","embeddable":true,"href":"https:\/\/games.tactic.net\/no\/wp-json\/wp\/v2\/discontinued?post=1370317"}],"curies":[{"name":"wp","href":"https:\/\/api.w.org\/{rel}","templated":true}]}}