{"id":1370270,"date":"2026-04-14T12:10:20","date_gmt":"2026-04-14T09:10:20","guid":{"rendered":"https:\/\/games.tactic.net\/tuote\/500-pcs-puzzle-gigglewear\/"},"modified":"2026-04-14T12:10:20","modified_gmt":"2026-04-14T09:10:20","slug":"500-pcs-puzzle-gigglewear","status":"publish","type":"product","link":"https:\/\/games.tactic.net\/no\/tuote\/500-pcs-puzzle-gigglewear\/","title":{"rendered":"500 pcs puzzle: Gigglewear"},"content":{"rendered":"<p>Tactic Puzzle Lovers Gigglewear puslespill med 500 brikker sjarmere med sin lekne illustrasjon, der fargerike figurer og kl\u00e6r skaper en lett og glad komposisjon. Den vennlige visuelle stilen gj\u00f8r puslespillet avslappende og hyggelig \u00e5 fullf\u00f8re. Et puslespill med 500 brikker gir en perfekt balanse mellom avslapning og utfordring. Det detaljerte bildet holder deg engasjert, mens tydelige former hjelper deg \u00e5 gj\u00f8re jevn fremgang. Brikkene passer godt sammen, noe som gj\u00f8r puslingen morsom \u00e5 legge, og de varierte formene gir ekstra interesse. Brikkene er ikke identiske, og deres ulike former og koblinger gj\u00f8r det enklere \u00e5 finne riktig plass. Puslespillet er produsert i Finland ved Tactic Games sin egen fabrikk, der det legges vekt p\u00e5 materialsporbarhet og ansvarlig produksjon. FSC-sertifisering og n\u00f8ye oppf\u00f8lging av karbonavtrykket st\u00f8tter et b\u00e6rekraftig valg.<\/p>\n","protected":false},"excerpt":{"rendered":"<p>Tactic Puzzle Lovers Gigglewear puslespill med 500 brikker viser en leken og fargerik illustrasjon med glade figurer og kl\u00e6r. Et puslespill av h\u00f8y kvalitet produsert i Finland.<\/p>\n","protected":false},"featured_media":0,"template":"","meta":{"content-type":"","_monsterinsights_skip_tracking":false,"_monsterinsights_sitenote_active":false,"_monsterinsights_sitenote_note":"","_monsterinsights_sitenote_category":0},"product_brand":[],"product_cat":[914],"product_tag":[],"brand":[{"id":606,"name":"PuzzleLovers","slug":"puzzlelovers_no"}],"target-group":[],"discontinued":[],"class_list":{"0":"post-1370270","1":"product","2":"type-product","3":"status-publish","5":"product_cat-500-brikker","6":"brand-puzzlelovers_no","8":"first","9":"instock","10":"taxable","11":"shipping-taxable","12":"product-type-simple"},"aioseo_notices":[],"_links":{"self":[{"href":"https:\/\/games.tactic.net\/no\/wp-json\/wp\/v2\/product\/1370270","targetHints":{"allow":["GET"]}}],"collection":[{"href":"https:\/\/games.tactic.net\/no\/wp-json\/wp\/v2\/product"}],"about":[{"href":"https:\/\/games.tactic.net\/no\/wp-json\/wp\/v2\/types\/product"}],"wp:attachment":[{"href":"https:\/\/games.tactic.net\/no\/wp-json\/wp\/v2\/media?parent=1370270"}],"wp:term":[{"taxonomy":"product_brand","embeddable":true,"href":"https:\/\/games.tactic.net\/no\/wp-json\/wp\/v2\/product_brand?post=1370270"},{"taxonomy":"product_cat","embeddable":true,"href":"https:\/\/games.tactic.net\/no\/wp-json\/wp\/v2\/product_cat?post=1370270"},{"taxonomy":"product_tag","embeddable":true,"href":"https:\/\/games.tactic.net\/no\/wp-json\/wp\/v2\/product_tag?post=1370270"},{"taxonomy":"brand","embeddable":true,"href":"https:\/\/games.tactic.net\/no\/wp-json\/wp\/v2\/brand?post=1370270"},{"taxonomy":"target-group","embeddable":true,"href":"https:\/\/games.tactic.net\/no\/wp-json\/wp\/v2\/target-group?post=1370270"},{"taxonomy":"discontinued","embeddable":true,"href":"https:\/\/games.tactic.net\/no\/wp-json\/wp\/v2\/discontinued?post=1370270"}],"curies":[{"name":"wp","href":"https:\/\/api.w.org\/{rel}","templated":true}]}}