{"id":1370083,"date":"2026-03-30T17:22:07","date_gmt":"2026-03-30T14:22:07","guid":{"rendered":"https:\/\/games.tactic.net\/tuote\/1000-pcs-puzzle-my-herbarium\/"},"modified":"2026-03-30T17:22:07","modified_gmt":"2026-03-30T14:22:07","slug":"1000-pcs-puzzle-my-herbarium","status":"publish","type":"product","link":"https:\/\/games.tactic.net\/no\/tuote\/1000-pcs-puzzle-my-herbarium\/","title":{"rendered":"1000 pcs puzzle: My Herbarium"},"content":{"rendered":"<p>Ta deg et \u00f8yeblikk til \u00e5 slappe av og pusle sammen naturens skj\u00f8nnhet. Dette puslespillet med 1000 brikker er en rolig og tilfredsstillende utfordring for naturelskere, puslespillentusiaster og alle som setter pris p\u00e5 tidl\u00f8st design. Perfekt for rolige stunder, som gave eller til utstilling n\u00e5r det er ferdig.<\/p>\n","protected":false},"excerpt":{"rendered":"<p>Ta deg et \u00f8yeblikk til \u00e5 slappe av og pusle sammen naturens skj\u00f8nnhet. Dette puslespillet med 1000 brikker er en rolig og tilfredsstillende utfordring for naturelskere, puslespillentusiaster og alle som setter pris p\u00e5 tidl\u00f8st design. Perfekt for rolige stunder, som gave eller til utstilling n\u00e5r det er ferdig.<\/p>\n","protected":false},"featured_media":0,"template":"","meta":{"content-type":"","_monsterinsights_skip_tracking":false,"_monsterinsights_sitenote_active":false,"_monsterinsights_sitenote_note":"","_monsterinsights_sitenote_category":0},"product_brand":[],"product_cat":[922],"product_tag":[],"brand":[],"target-group":[],"discontinued":[],"class_list":{"0":"post-1370083","1":"product","2":"type-product","3":"status-publish","5":"product_cat-1000-brikker","7":"first","8":"instock","9":"taxable","10":"shipping-taxable","11":"product-type-simple"},"aioseo_notices":[],"_links":{"self":[{"href":"https:\/\/games.tactic.net\/no\/wp-json\/wp\/v2\/product\/1370083","targetHints":{"allow":["GET"]}}],"collection":[{"href":"https:\/\/games.tactic.net\/no\/wp-json\/wp\/v2\/product"}],"about":[{"href":"https:\/\/games.tactic.net\/no\/wp-json\/wp\/v2\/types\/product"}],"wp:attachment":[{"href":"https:\/\/games.tactic.net\/no\/wp-json\/wp\/v2\/media?parent=1370083"}],"wp:term":[{"taxonomy":"product_brand","embeddable":true,"href":"https:\/\/games.tactic.net\/no\/wp-json\/wp\/v2\/product_brand?post=1370083"},{"taxonomy":"product_cat","embeddable":true,"href":"https:\/\/games.tactic.net\/no\/wp-json\/wp\/v2\/product_cat?post=1370083"},{"taxonomy":"product_tag","embeddable":true,"href":"https:\/\/games.tactic.net\/no\/wp-json\/wp\/v2\/product_tag?post=1370083"},{"taxonomy":"brand","embeddable":true,"href":"https:\/\/games.tactic.net\/no\/wp-json\/wp\/v2\/brand?post=1370083"},{"taxonomy":"target-group","embeddable":true,"href":"https:\/\/games.tactic.net\/no\/wp-json\/wp\/v2\/target-group?post=1370083"},{"taxonomy":"discontinued","embeddable":true,"href":"https:\/\/games.tactic.net\/no\/wp-json\/wp\/v2\/discontinued?post=1370083"}],"curies":[{"name":"wp","href":"https:\/\/api.w.org\/{rel}","templated":true}]}}