{"id":1370076,"date":"2026-03-30T14:53:04","date_gmt":"2026-03-30T11:53:04","guid":{"rendered":"https:\/\/games.tactic.net\/tuote\/hot-wheels-motor-maker-kitz-monster-truck-kit\/"},"modified":"2026-03-30T14:53:04","modified_gmt":"2026-03-30T11:53:04","slug":"hot-wheels-motor-maker-kitz-monster-truck-kit","status":"publish","type":"product","link":"https:\/\/games.tactic.net\/no\/tuote\/hot-wheels-motor-maker-kitz-monster-truck-kit\/","title":{"rendered":"Hot Wheels Motor Maker Kitz Monster Truck Kit"},"content":{"rendered":"<p>Bladez Hot Wheels Motor Maker Kitz gj\u00f8r alt st\u00f8rre! Bygg en r\u00e5 monsterbil, sett p\u00e5 de gigantiske 4&#215;4-dekkene og erobre de villeste terrengene! Hopp gjerne fra ramper \u2013 denne bilen klarer nesten alt. Tre forskjellige modeller finnes, men dessverre kan du ikke velge modell ved bestilling p\u00e5 nett.<\/p>\n","protected":false},"excerpt":{"rendered":"<p>Bladez Hot Wheels Motor Maker Kitz gj\u00f8r alt st\u00f8rre! Bygg en r\u00e5 monsterbil, sett p\u00e5 de gigantiske 4&#215;4-dekkene og erobre de villeste terrengene! Hopp gjerne fra ramper \u2013 denne bilen klarer nesten alt. Tre forskjellige modeller finnes, men dessverre kan du ikke velge modell ved bestilling p\u00e5 nett.<\/p>\n","protected":false},"featured_media":0,"template":"","meta":{"content-type":"","_monsterinsights_skip_tracking":false,"_monsterinsights_sitenote_active":false,"_monsterinsights_sitenote_note":"","_monsterinsights_sitenote_category":0},"product_brand":[],"product_cat":[2370],"product_tag":[],"brand":[],"target-group":[],"discontinued":[],"class_list":{"0":"post-1370076","1":"product","2":"type-product","3":"status-publish","5":"product_cat-bladez-toyz","7":"first","8":"instock","9":"taxable","10":"shipping-taxable","11":"product-type-simple"},"aioseo_notices":[],"_links":{"self":[{"href":"https:\/\/games.tactic.net\/no\/wp-json\/wp\/v2\/product\/1370076","targetHints":{"allow":["GET"]}}],"collection":[{"href":"https:\/\/games.tactic.net\/no\/wp-json\/wp\/v2\/product"}],"about":[{"href":"https:\/\/games.tactic.net\/no\/wp-json\/wp\/v2\/types\/product"}],"wp:attachment":[{"href":"https:\/\/games.tactic.net\/no\/wp-json\/wp\/v2\/media?parent=1370076"}],"wp:term":[{"taxonomy":"product_brand","embeddable":true,"href":"https:\/\/games.tactic.net\/no\/wp-json\/wp\/v2\/product_brand?post=1370076"},{"taxonomy":"product_cat","embeddable":true,"href":"https:\/\/games.tactic.net\/no\/wp-json\/wp\/v2\/product_cat?post=1370076"},{"taxonomy":"product_tag","embeddable":true,"href":"https:\/\/games.tactic.net\/no\/wp-json\/wp\/v2\/product_tag?post=1370076"},{"taxonomy":"brand","embeddable":true,"href":"https:\/\/games.tactic.net\/no\/wp-json\/wp\/v2\/brand?post=1370076"},{"taxonomy":"target-group","embeddable":true,"href":"https:\/\/games.tactic.net\/no\/wp-json\/wp\/v2\/target-group?post=1370076"},{"taxonomy":"discontinued","embeddable":true,"href":"https:\/\/games.tactic.net\/no\/wp-json\/wp\/v2\/discontinued?post=1370076"}],"curies":[{"name":"wp","href":"https:\/\/api.w.org\/{rel}","templated":true}]}}