{"id":1370073,"date":"2026-03-30T10:08:39","date_gmt":"2026-03-30T07:08:39","guid":{"rendered":"https:\/\/games.tactic.net\/tuote\/plasto-wheelbarrow-set-soft-neutrals\/"},"modified":"2026-03-30T10:08:39","modified_gmt":"2026-03-30T07:08:39","slug":"plasto-wheelbarrow-set-soft-neutrals","status":"publish","type":"product","link":"https:\/\/games.tactic.net\/no\/tuote\/plasto-wheelbarrow-set-soft-neutrals\/","title":{"rendered":"PLASTO Wheelbarrow Set Soft Neutrals"},"content":{"rendered":"<p>Spesialutgave &#8211; For hagearbeid! Flotte n\u00f8ytrale farger!   H\u00f8ykvalitets Plasto trilleb\u00e5rsett inkluderer trilleb\u00e5r, b\u00f8tte, spade og tre sandformer. Lengde p\u00e5 trilleb\u00e5r 56 cm. H\u00f8yde p\u00e5 trilleb\u00e5r 25 cm. Volum p\u00e5 b\u00f8tte 1,4 L. Lengde p\u00e5 spade 25 cm. Anbefalt alder 1+. Laget i Finland.<\/p>\n","protected":false},"excerpt":{"rendered":"<p>Spesialutgave &#8211; For hagearbeid! Flotte n\u00f8ytrale farger! H\u00f8ykvalitets Plasto trilleb\u00e5rsett inkluderer trilleb\u00e5r, b\u00f8tte, spade og tre sandformer. Lengde p\u00e5 trilleb\u00e5r 56 cm. H\u00f8yde p\u00e5 trilleb\u00e5r 25 cm. Volum p\u00e5 b\u00f8tte 1,4 L. Lengde p\u00e5 spade 25 cm. Anbefalt alder 1+. Laget i Finland.<\/p>\n","protected":false},"featured_media":0,"template":"","meta":{"content-type":"","_monsterinsights_skip_tracking":false,"_monsterinsights_sitenote_active":false,"_monsterinsights_sitenote_note":"","_monsterinsights_sitenote_category":0},"product_brand":[],"product_cat":[2306],"product_tag":[],"brand":[],"target-group":[],"discontinued":[],"class_list":{"0":"post-1370073","1":"product","2":"type-product","3":"status-publish","5":"product_cat-plasto-leker","7":"first","8":"outofstock","9":"taxable","10":"shipping-taxable","11":"product-type-simple"},"aioseo_notices":[],"_links":{"self":[{"href":"https:\/\/games.tactic.net\/no\/wp-json\/wp\/v2\/product\/1370073","targetHints":{"allow":["GET"]}}],"collection":[{"href":"https:\/\/games.tactic.net\/no\/wp-json\/wp\/v2\/product"}],"about":[{"href":"https:\/\/games.tactic.net\/no\/wp-json\/wp\/v2\/types\/product"}],"wp:attachment":[{"href":"https:\/\/games.tactic.net\/no\/wp-json\/wp\/v2\/media?parent=1370073"}],"wp:term":[{"taxonomy":"product_brand","embeddable":true,"href":"https:\/\/games.tactic.net\/no\/wp-json\/wp\/v2\/product_brand?post=1370073"},{"taxonomy":"product_cat","embeddable":true,"href":"https:\/\/games.tactic.net\/no\/wp-json\/wp\/v2\/product_cat?post=1370073"},{"taxonomy":"product_tag","embeddable":true,"href":"https:\/\/games.tactic.net\/no\/wp-json\/wp\/v2\/product_tag?post=1370073"},{"taxonomy":"brand","embeddable":true,"href":"https:\/\/games.tactic.net\/no\/wp-json\/wp\/v2\/brand?post=1370073"},{"taxonomy":"target-group","embeddable":true,"href":"https:\/\/games.tactic.net\/no\/wp-json\/wp\/v2\/target-group?post=1370073"},{"taxonomy":"discontinued","embeddable":true,"href":"https:\/\/games.tactic.net\/no\/wp-json\/wp\/v2\/discontinued?post=1370073"}],"curies":[{"name":"wp","href":"https:\/\/api.w.org\/{rel}","templated":true}]}}