{"id":1370051,"date":"2026-03-27T13:52:47","date_gmt":"2026-03-27T11:52:47","guid":{"rendered":"https:\/\/games.tactic.net\/tuote\/bex-star-family-fsc-certified\/"},"modified":"2026-03-27T13:52:47","modified_gmt":"2026-03-27T11:52:47","slug":"bex-star-family-fsc-certified","status":"publish","type":"product","link":"https:\/\/games.tactic.net\/no\/tuote\/bex-star-family-fsc-certified\/","title":{"rendered":"Bex Star Family (FSC Certified)"},"content":{"rendered":"<p>5STAR. Et taktisk spill for alle aldre. Lagene konkurrerer om \u00e5 f\u00e5 terningene sine n\u00e6rmest den gule ballen, og f\u00e5r poeng hver gang noen kaster en ny STAR (tallet 5). F\u00f8rste lag til 25 poeng vinner. Kvalitet: FSC-sertifisert tre.<\/p>\n","protected":false},"excerpt":{"rendered":"<p>5STAR. Et taktisk spill for alle aldre. Lagene konkurrerer om \u00e5 f\u00e5 terningene sine n\u00e6rmest den gule ballen, og f\u00e5r poeng hver gang noen kaster en ny STAR (tallet 5). F\u00f8rste lag til 25 poeng vinner. Kvalitet: FSC-sertifisert tre.<\/p>\n","protected":false},"featured_media":0,"template":"","meta":{"content-type":"","_monsterinsights_skip_tracking":false,"_monsterinsights_sitenote_active":false,"_monsterinsights_sitenote_note":"","_monsterinsights_sitenote_category":0},"product_brand":[],"product_cat":[2133],"product_tag":[],"brand":[{"id":2132,"name":"BEX Sport","slug":"bex-sport-2"}],"target-group":[],"discontinued":[],"class_list":{"0":"post-1370051","1":"product","2":"type-product","3":"status-publish","5":"product_cat-bex-sport","6":"brand-bex-sport-2","8":"first","9":"instock","10":"taxable","11":"shipping-taxable","12":"product-type-simple"},"aioseo_notices":[],"_links":{"self":[{"href":"https:\/\/games.tactic.net\/no\/wp-json\/wp\/v2\/product\/1370051","targetHints":{"allow":["GET"]}}],"collection":[{"href":"https:\/\/games.tactic.net\/no\/wp-json\/wp\/v2\/product"}],"about":[{"href":"https:\/\/games.tactic.net\/no\/wp-json\/wp\/v2\/types\/product"}],"wp:attachment":[{"href":"https:\/\/games.tactic.net\/no\/wp-json\/wp\/v2\/media?parent=1370051"}],"wp:term":[{"taxonomy":"product_brand","embeddable":true,"href":"https:\/\/games.tactic.net\/no\/wp-json\/wp\/v2\/product_brand?post=1370051"},{"taxonomy":"product_cat","embeddable":true,"href":"https:\/\/games.tactic.net\/no\/wp-json\/wp\/v2\/product_cat?post=1370051"},{"taxonomy":"product_tag","embeddable":true,"href":"https:\/\/games.tactic.net\/no\/wp-json\/wp\/v2\/product_tag?post=1370051"},{"taxonomy":"brand","embeddable":true,"href":"https:\/\/games.tactic.net\/no\/wp-json\/wp\/v2\/brand?post=1370051"},{"taxonomy":"target-group","embeddable":true,"href":"https:\/\/games.tactic.net\/no\/wp-json\/wp\/v2\/target-group?post=1370051"},{"taxonomy":"discontinued","embeddable":true,"href":"https:\/\/games.tactic.net\/no\/wp-json\/wp\/v2\/discontinued?post=1370051"}],"curies":[{"name":"wp","href":"https:\/\/api.w.org\/{rel}","templated":true}]}}