{"id":1370044,"date":"2026-03-27T13:10:02","date_gmt":"2026-03-27T11:10:02","guid":{"rendered":"https:\/\/games.tactic.net\/tuote\/bex-ring-toss-family-fsc-certified\/"},"modified":"2026-03-27T13:52:36","modified_gmt":"2026-03-27T11:52:36","slug":"bex-ring-toss-family-fsc-certified","status":"publish","type":"product","link":"https:\/\/games.tactic.net\/no\/tuote\/bex-ring-toss-family-fsc-certified\/","title":{"rendered":"Bex Ring Toss Family (FSC Certified)"},"content":{"rendered":"<p>Ringkastspill. Et enkelt spill \u00e5 ta med til strandfesten, eller bruke som kastetrening. Du kaster ringene av tau, og pr\u00f8ver \u00e5 f\u00e5 dem til \u00e5 lande rundt pinnene. Du f\u00e5r poeng etter tallene som er merket i treet. Kvalitet: furu, FSC-sertifisert. Base 42 x 4,5 cm. Ringer: 15 x 1 cm.<\/p>\n","protected":false},"excerpt":{"rendered":"<p>Ringkastspill. Et enkelt spill \u00e5 ta med til strandfesten, eller bruke som kastetrening. Du kaster ringene av tau, og pr\u00f8ver \u00e5 f\u00e5 dem til \u00e5 lande rundt pinnene. Du f\u00e5r poeng etter tallene som er merket i treet. Kvalitet: furu, FSC-sertifisert. Base 42 x 4,5 cm. Ringer: 15 x 1 cm.<\/p>\n","protected":false},"featured_media":0,"template":"","meta":{"content-type":"","_monsterinsights_skip_tracking":false,"_monsterinsights_sitenote_active":false,"_monsterinsights_sitenote_note":"","_monsterinsights_sitenote_category":0},"product_brand":[],"product_cat":[2133],"product_tag":[],"brand":[{"id":2132,"name":"BEX Sport","slug":"bex-sport-2"}],"target-group":[],"discontinued":[],"class_list":{"0":"post-1370044","1":"product","2":"type-product","3":"status-publish","5":"product_cat-bex-sport","6":"brand-bex-sport-2","8":"first","9":"outofstock","10":"taxable","11":"shipping-taxable","12":"product-type-simple"},"aioseo_notices":[],"_links":{"self":[{"href":"https:\/\/games.tactic.net\/no\/wp-json\/wp\/v2\/product\/1370044","targetHints":{"allow":["GET"]}}],"collection":[{"href":"https:\/\/games.tactic.net\/no\/wp-json\/wp\/v2\/product"}],"about":[{"href":"https:\/\/games.tactic.net\/no\/wp-json\/wp\/v2\/types\/product"}],"wp:attachment":[{"href":"https:\/\/games.tactic.net\/no\/wp-json\/wp\/v2\/media?parent=1370044"}],"wp:term":[{"taxonomy":"product_brand","embeddable":true,"href":"https:\/\/games.tactic.net\/no\/wp-json\/wp\/v2\/product_brand?post=1370044"},{"taxonomy":"product_cat","embeddable":true,"href":"https:\/\/games.tactic.net\/no\/wp-json\/wp\/v2\/product_cat?post=1370044"},{"taxonomy":"product_tag","embeddable":true,"href":"https:\/\/games.tactic.net\/no\/wp-json\/wp\/v2\/product_tag?post=1370044"},{"taxonomy":"brand","embeddable":true,"href":"https:\/\/games.tactic.net\/no\/wp-json\/wp\/v2\/brand?post=1370044"},{"taxonomy":"target-group","embeddable":true,"href":"https:\/\/games.tactic.net\/no\/wp-json\/wp\/v2\/target-group?post=1370044"},{"taxonomy":"discontinued","embeddable":true,"href":"https:\/\/games.tactic.net\/no\/wp-json\/wp\/v2\/discontinued?post=1370044"}],"curies":[{"name":"wp","href":"https:\/\/api.w.org\/{rel}","templated":true}]}}