{"id":1370043,"date":"2026-03-27T13:09:50","date_gmt":"2026-03-27T11:09:50","guid":{"rendered":"https:\/\/games.tactic.net\/tuote\/bex-croquet-family-6-player-fsc-certified\/"},"modified":"2026-03-27T13:52:31","modified_gmt":"2026-03-27T11:52:31","slug":"bex-croquet-family-6-player-fsc-certified","status":"publish","type":"product","link":"https:\/\/games.tactic.net\/no\/tuote\/bex-croquet-family-6-player-fsc-certified\/","title":{"rendered":"Bex Croquet Family 6 player (FSC Certified)"},"content":{"rendered":"<p>Komplett krokketsett for 6 spillere. Leveres i en praktisk bag med h\u00e5ndtak. K\u00f8lleskaft: 75 cm \u2013 k\u00f8llehode: 15 x 5,5 cm \u2013 ball: diameter 7,5 cm \u2013 st\u00e5lb\u00f8yler: 27 x 17 cm. Innhold: 6 k\u00f8ller \u2013 6 baller \u2013 2 m\u00e5lpinner \u2013 10 b\u00f8yler \u2013 1 bag.<\/p>\n","protected":false},"excerpt":{"rendered":"<p>Komplett krokketsett for 6 spillere. Leveres i en praktisk bag med h\u00e5ndtak. K\u00f8lleskaft: 75 cm \u2013 k\u00f8llehode: 15 x 5,5 cm \u2013 ball: diameter 7,5 cm \u2013 st\u00e5lb\u00f8yler: 27 x 17 cm. Innhold: 6 k\u00f8ller \u2013 6 baller \u2013 2 m\u00e5lpinner \u2013 10 b\u00f8yler \u2013 1 bag.<\/p>\n","protected":false},"featured_media":0,"template":"","meta":{"content-type":"","_monsterinsights_skip_tracking":false,"_monsterinsights_sitenote_active":false,"_monsterinsights_sitenote_note":"","_monsterinsights_sitenote_category":0},"product_brand":[],"product_cat":[2133],"product_tag":[],"brand":[{"id":2132,"name":"BEX Sport","slug":"bex-sport-2"}],"target-group":[],"discontinued":[],"class_list":{"0":"post-1370043","1":"product","2":"type-product","3":"status-publish","5":"product_cat-bex-sport","6":"brand-bex-sport-2","8":"first","9":"instock","10":"taxable","11":"shipping-taxable","12":"product-type-simple"},"aioseo_notices":[],"_links":{"self":[{"href":"https:\/\/games.tactic.net\/no\/wp-json\/wp\/v2\/product\/1370043","targetHints":{"allow":["GET"]}}],"collection":[{"href":"https:\/\/games.tactic.net\/no\/wp-json\/wp\/v2\/product"}],"about":[{"href":"https:\/\/games.tactic.net\/no\/wp-json\/wp\/v2\/types\/product"}],"wp:attachment":[{"href":"https:\/\/games.tactic.net\/no\/wp-json\/wp\/v2\/media?parent=1370043"}],"wp:term":[{"taxonomy":"product_brand","embeddable":true,"href":"https:\/\/games.tactic.net\/no\/wp-json\/wp\/v2\/product_brand?post=1370043"},{"taxonomy":"product_cat","embeddable":true,"href":"https:\/\/games.tactic.net\/no\/wp-json\/wp\/v2\/product_cat?post=1370043"},{"taxonomy":"product_tag","embeddable":true,"href":"https:\/\/games.tactic.net\/no\/wp-json\/wp\/v2\/product_tag?post=1370043"},{"taxonomy":"brand","embeddable":true,"href":"https:\/\/games.tactic.net\/no\/wp-json\/wp\/v2\/brand?post=1370043"},{"taxonomy":"target-group","embeddable":true,"href":"https:\/\/games.tactic.net\/no\/wp-json\/wp\/v2\/target-group?post=1370043"},{"taxonomy":"discontinued","embeddable":true,"href":"https:\/\/games.tactic.net\/no\/wp-json\/wp\/v2\/discontinued?post=1370043"}],"curies":[{"name":"wp","href":"https:\/\/api.w.org\/{rel}","templated":true}]}}