{"id":1370035,"date":"2026-03-24T15:22:33","date_gmt":"2026-03-24T13:22:33","guid":{"rendered":"https:\/\/games.tactic.net\/tuote\/sunsport-neopren-football-5-new-design\/"},"modified":"2026-03-24T15:22:33","modified_gmt":"2026-03-24T13:22:33","slug":"sunsport-neopren-football-5-new-design","status":"publish","type":"product","link":"https:\/\/games.tactic.net\/no\/tuote\/sunsport-neopren-football-5-new-design\/","title":{"rendered":"Sunsport Neopren Football #5 New Design"},"content":{"rendered":"<p>Fotball i st\u00f8rrelse 5. Kvalitetsneopren &#8211; gir et fantastisk grep og har et kult utseende. Like morsom \u00e5 spille med i vann som p\u00e5 land. St\u00f8rrelse 22 cm i diameter.<\/p>\n","protected":false},"excerpt":{"rendered":"<p>Fotball i st\u00f8rrelse 5. Kvalitetsneopren &#8211; gir et fantastisk grep og har et kult utseende. Like morsom \u00e5 spille med i vann som p\u00e5 land. St\u00f8rrelse 22 cm i diameter.<\/p>\n","protected":false},"featured_media":0,"template":"","meta":{"content-type":"","_monsterinsights_skip_tracking":false,"_monsterinsights_sitenote_active":false,"_monsterinsights_sitenote_note":"","_monsterinsights_sitenote_category":0},"product_brand":[],"product_cat":[2133],"product_tag":[],"brand":[],"target-group":[],"discontinued":[],"class_list":{"0":"post-1370035","1":"product","2":"type-product","3":"status-publish","5":"product_cat-bex-sport","7":"first","8":"outofstock","9":"taxable","10":"shipping-taxable","11":"product-type-simple"},"aioseo_notices":[],"_links":{"self":[{"href":"https:\/\/games.tactic.net\/no\/wp-json\/wp\/v2\/product\/1370035","targetHints":{"allow":["GET"]}}],"collection":[{"href":"https:\/\/games.tactic.net\/no\/wp-json\/wp\/v2\/product"}],"about":[{"href":"https:\/\/games.tactic.net\/no\/wp-json\/wp\/v2\/types\/product"}],"wp:attachment":[{"href":"https:\/\/games.tactic.net\/no\/wp-json\/wp\/v2\/media?parent=1370035"}],"wp:term":[{"taxonomy":"product_brand","embeddable":true,"href":"https:\/\/games.tactic.net\/no\/wp-json\/wp\/v2\/product_brand?post=1370035"},{"taxonomy":"product_cat","embeddable":true,"href":"https:\/\/games.tactic.net\/no\/wp-json\/wp\/v2\/product_cat?post=1370035"},{"taxonomy":"product_tag","embeddable":true,"href":"https:\/\/games.tactic.net\/no\/wp-json\/wp\/v2\/product_tag?post=1370035"},{"taxonomy":"brand","embeddable":true,"href":"https:\/\/games.tactic.net\/no\/wp-json\/wp\/v2\/brand?post=1370035"},{"taxonomy":"target-group","embeddable":true,"href":"https:\/\/games.tactic.net\/no\/wp-json\/wp\/v2\/target-group?post=1370035"},{"taxonomy":"discontinued","embeddable":true,"href":"https:\/\/games.tactic.net\/no\/wp-json\/wp\/v2\/discontinued?post=1370035"}],"curies":[{"name":"wp","href":"https:\/\/api.w.org\/{rel}","templated":true}]}}