{"id":1369841,"date":"2026-03-11T15:15:34","date_gmt":"2026-03-11T13:15:34","guid":{"rendered":"https:\/\/games.tactic.net\/tuote\/sunsport-neopren-volleyball-2\/"},"modified":"2026-03-11T15:15:34","modified_gmt":"2026-03-11T13:15:34","slug":"sunsport-neopren-volleyball-2","status":"publish","type":"product","link":"https:\/\/games.tactic.net\/no\/tuote\/sunsport-neopren-volleyball-2\/","title":{"rendered":"Sunsport Neopren Volleyball #2"},"content":{"rendered":"<p>Liten volleyball i st\u00f8rrelse 2. Kvalitetsneopren &#8211; gir et fantastisk grep og har et kult utseende. Like morsom \u00e5 spille med i vann som p\u00e5 land. St\u00f8rrelse 13 cm i diameter.<\/p>\n","protected":false},"excerpt":{"rendered":"<p>Liten volleyball i st\u00f8rrelse 2. Kvalitetsneopren &#8211; gir et fantastisk grep og har et kult utseende. Like morsom \u00e5 spille med i vann som p\u00e5 land. St\u00f8rrelse 13 cm i diameter.<\/p>\n","protected":false},"featured_media":0,"template":"","meta":{"content-type":"","_monsterinsights_skip_tracking":false,"_monsterinsights_sitenote_active":false,"_monsterinsights_sitenote_note":"","_monsterinsights_sitenote_category":0},"product_brand":[],"product_cat":[2133],"product_tag":[],"brand":[],"target-group":[],"discontinued":[],"class_list":{"0":"post-1369841","1":"product","2":"type-product","3":"status-publish","5":"product_cat-bex-sport","7":"first","8":"outofstock","9":"taxable","10":"shipping-taxable","11":"product-type-simple"},"aioseo_notices":[],"_links":{"self":[{"href":"https:\/\/games.tactic.net\/no\/wp-json\/wp\/v2\/product\/1369841","targetHints":{"allow":["GET"]}}],"collection":[{"href":"https:\/\/games.tactic.net\/no\/wp-json\/wp\/v2\/product"}],"about":[{"href":"https:\/\/games.tactic.net\/no\/wp-json\/wp\/v2\/types\/product"}],"wp:attachment":[{"href":"https:\/\/games.tactic.net\/no\/wp-json\/wp\/v2\/media?parent=1369841"}],"wp:term":[{"taxonomy":"product_brand","embeddable":true,"href":"https:\/\/games.tactic.net\/no\/wp-json\/wp\/v2\/product_brand?post=1369841"},{"taxonomy":"product_cat","embeddable":true,"href":"https:\/\/games.tactic.net\/no\/wp-json\/wp\/v2\/product_cat?post=1369841"},{"taxonomy":"product_tag","embeddable":true,"href":"https:\/\/games.tactic.net\/no\/wp-json\/wp\/v2\/product_tag?post=1369841"},{"taxonomy":"brand","embeddable":true,"href":"https:\/\/games.tactic.net\/no\/wp-json\/wp\/v2\/brand?post=1369841"},{"taxonomy":"target-group","embeddable":true,"href":"https:\/\/games.tactic.net\/no\/wp-json\/wp\/v2\/target-group?post=1369841"},{"taxonomy":"discontinued","embeddable":true,"href":"https:\/\/games.tactic.net\/no\/wp-json\/wp\/v2\/discontinued?post=1369841"}],"curies":[{"name":"wp","href":"https:\/\/api.w.org\/{rel}","templated":true}]}}