{"id":1369823,"date":"2026-03-11T15:13:43","date_gmt":"2026-03-11T13:13:43","guid":{"rendered":"https:\/\/games.tactic.net\/tuote\/kubb-family-fsc-certified\/"},"modified":"2026-03-11T15:13:43","modified_gmt":"2026-03-11T13:13:43","slug":"kubb-family-fsc-certified","status":"publish","type":"product","link":"https:\/\/games.tactic.net\/no\/tuote\/kubb-family-fsc-certified\/","title":{"rendered":"Kubb Family (FSC Certified)"},"content":{"rendered":"<p>Kubb &#8211; det tradisjonelle nordiske kastespillet. Kvalitet: furu, FSC-sertifisert. St\u00f8rrelse: Konge 30 x 6,5 cm, kastestav 30 x 3,5 cm, kubbe 15 x 5,5 cm. Inneholder 1 konge, 6 kastestaver, 10 kubber, 4 hj\u00f8rnemark\u00f8rer, 1 non-woven-bag med h\u00e5ndtak samt flerspr\u00e5klig regelbok med instruksjoner.<\/p>\n","protected":false},"excerpt":{"rendered":"<p>Kubb &#8211; det tradisjonelle nordiske kastespillet. Kvalitet: furu, FSC-sertifisert. St\u00f8rrelse: Konge 30 x 6,5 cm, kastestav 30 x 3,5 cm, kubbe 15 x 5,5 cm. Inneholder 1 konge, 6 kastestaver, 10 kubber, 4 hj\u00f8rnemark\u00f8rer, 1 non-woven-bag med h\u00e5ndtak samt flerspr\u00e5klig regelbok med instruksjoner.<\/p>\n","protected":false},"featured_media":0,"template":"","meta":{"content-type":"","_monsterinsights_skip_tracking":false,"_monsterinsights_sitenote_active":false,"_monsterinsights_sitenote_note":"","_monsterinsights_sitenote_category":0},"product_brand":[],"product_cat":[2133],"product_tag":[],"brand":[],"target-group":[],"discontinued":[],"class_list":{"0":"post-1369823","1":"product","2":"type-product","3":"status-publish","5":"product_cat-bex-sport","7":"first","8":"outofstock","9":"taxable","10":"shipping-taxable","11":"product-type-simple"},"aioseo_notices":[],"_links":{"self":[{"href":"https:\/\/games.tactic.net\/no\/wp-json\/wp\/v2\/product\/1369823","targetHints":{"allow":["GET"]}}],"collection":[{"href":"https:\/\/games.tactic.net\/no\/wp-json\/wp\/v2\/product"}],"about":[{"href":"https:\/\/games.tactic.net\/no\/wp-json\/wp\/v2\/types\/product"}],"wp:attachment":[{"href":"https:\/\/games.tactic.net\/no\/wp-json\/wp\/v2\/media?parent=1369823"}],"wp:term":[{"taxonomy":"product_brand","embeddable":true,"href":"https:\/\/games.tactic.net\/no\/wp-json\/wp\/v2\/product_brand?post=1369823"},{"taxonomy":"product_cat","embeddable":true,"href":"https:\/\/games.tactic.net\/no\/wp-json\/wp\/v2\/product_cat?post=1369823"},{"taxonomy":"product_tag","embeddable":true,"href":"https:\/\/games.tactic.net\/no\/wp-json\/wp\/v2\/product_tag?post=1369823"},{"taxonomy":"brand","embeddable":true,"href":"https:\/\/games.tactic.net\/no\/wp-json\/wp\/v2\/brand?post=1369823"},{"taxonomy":"target-group","embeddable":true,"href":"https:\/\/games.tactic.net\/no\/wp-json\/wp\/v2\/target-group?post=1369823"},{"taxonomy":"discontinued","embeddable":true,"href":"https:\/\/games.tactic.net\/no\/wp-json\/wp\/v2\/discontinued?post=1369823"}],"curies":[{"name":"wp","href":"https:\/\/api.w.org\/{rel}","templated":true}]}}