{"id":1369810,"date":"2026-03-11T15:12:39","date_gmt":"2026-03-11T13:12:39","guid":{"rendered":"https:\/\/games.tactic.net\/tuote\/kubb-original-red-king\/"},"modified":"2026-03-11T15:12:39","modified_gmt":"2026-03-11T13:12:39","slug":"kubb-original-red-king","status":"publish","type":"product","link":"https:\/\/games.tactic.net\/no\/tuote\/kubb-original-red-king\/","title":{"rendered":"Kubb Original, Red king"},"content":{"rendered":"<p>Kubb, r\u00f8d konge. Det tradisjonelle nordiske kastespillet. Kvalitet: gummitre. St\u00f8rrelse: Konge 30 x 7,5 cm, kastestav 30 x 4 cm, kubbe 15 x 6 cm. Inneholder 1 konge, 6 kastestaver, 10 kubber, 4 hj\u00f8rnemark\u00f8rer, 1 non-woven-bag med h\u00e5ndtak, flerspr\u00e5klig regelbok med instruksjoner.<\/p>\n","protected":false},"excerpt":{"rendered":"<p>Kubb, r\u00f8d konge. Det tradisjonelle nordiske kastespillet. Kvalitet: gummitre. St\u00f8rrelse: Konge 30 x 7,5 cm, kastestav 30 x 4 cm, kubbe 15 x 6 cm. Inneholder 1 konge, 6 kastestaver, 10 kubber, 4 hj\u00f8rnemark\u00f8rer, 1 non-woven-bag med h\u00e5ndtak, flerspr\u00e5klig regelbok med instruksjoner.<\/p>\n","protected":false},"featured_media":0,"template":"","meta":{"content-type":"","_monsterinsights_skip_tracking":false,"_monsterinsights_sitenote_active":false,"_monsterinsights_sitenote_note":"","_monsterinsights_sitenote_category":0},"product_brand":[],"product_cat":[2133],"product_tag":[],"brand":[],"target-group":[],"discontinued":[],"class_list":{"0":"post-1369810","1":"product","2":"type-product","3":"status-publish","5":"product_cat-bex-sport","7":"first","8":"instock","9":"taxable","10":"shipping-taxable","11":"product-type-simple"},"aioseo_notices":[],"_links":{"self":[{"href":"https:\/\/games.tactic.net\/no\/wp-json\/wp\/v2\/product\/1369810","targetHints":{"allow":["GET"]}}],"collection":[{"href":"https:\/\/games.tactic.net\/no\/wp-json\/wp\/v2\/product"}],"about":[{"href":"https:\/\/games.tactic.net\/no\/wp-json\/wp\/v2\/types\/product"}],"wp:attachment":[{"href":"https:\/\/games.tactic.net\/no\/wp-json\/wp\/v2\/media?parent=1369810"}],"wp:term":[{"taxonomy":"product_brand","embeddable":true,"href":"https:\/\/games.tactic.net\/no\/wp-json\/wp\/v2\/product_brand?post=1369810"},{"taxonomy":"product_cat","embeddable":true,"href":"https:\/\/games.tactic.net\/no\/wp-json\/wp\/v2\/product_cat?post=1369810"},{"taxonomy":"product_tag","embeddable":true,"href":"https:\/\/games.tactic.net\/no\/wp-json\/wp\/v2\/product_tag?post=1369810"},{"taxonomy":"brand","embeddable":true,"href":"https:\/\/games.tactic.net\/no\/wp-json\/wp\/v2\/brand?post=1369810"},{"taxonomy":"target-group","embeddable":true,"href":"https:\/\/games.tactic.net\/no\/wp-json\/wp\/v2\/target-group?post=1369810"},{"taxonomy":"discontinued","embeddable":true,"href":"https:\/\/games.tactic.net\/no\/wp-json\/wp\/v2\/discontinued?post=1369810"}],"curies":[{"name":"wp","href":"https:\/\/api.w.org\/{rel}","templated":true}]}}