{"id":1369793,"date":"2026-03-11T15:11:00","date_gmt":"2026-03-11T13:11:00","guid":{"rendered":"https:\/\/games.tactic.net\/tuote\/spin-ladder-original\/"},"modified":"2026-03-11T15:11:00","modified_gmt":"2026-03-11T13:11:00","slug":"spin-ladder-original","status":"publish","type":"product","link":"https:\/\/games.tactic.net\/no\/tuote\/spin-ladder-original\/","title":{"rendered":"Spin Ladder Original"},"content":{"rendered":"<p>Du f\u00e5r poeng avhengig av hvilket niv\u00e5 p\u00e5 stigen du treffer! St\u00f8rrelse: 88,5 x 60 x 57 cm. Innhold: 3 r\u00f8de ballpar \u2013 3 bl\u00e5 ballpar \u2013 1 bag (for ballene) \u2013 trestativ \u2013 regler og instruksjoner. Trestativet er laget av furu, og ballene av lakkert gummitre. Vekt: 2 kg.<\/p>\n","protected":false},"excerpt":{"rendered":"<p>Du f\u00e5r poeng avhengig av hvilket niv\u00e5 p\u00e5 stigen du treffer! St\u00f8rrelse: 88,5 x 60 x 57 cm. Innhold: 3 r\u00f8de ballpar \u2013 3 bl\u00e5 ballpar \u2013 1 bag (for ballene) \u2013 trestativ \u2013 regler og instruksjoner. Trestativet er laget av furu, og ballene av lakkert gummitre. Vekt: 2 kg.<\/p>\n","protected":false},"featured_media":0,"template":"","meta":{"content-type":"","_monsterinsights_skip_tracking":false,"_monsterinsights_sitenote_active":false,"_monsterinsights_sitenote_note":"","_monsterinsights_sitenote_category":0},"product_brand":[],"product_cat":[2133],"product_tag":[],"brand":[],"target-group":[],"discontinued":[],"class_list":{"0":"post-1369793","1":"product","2":"type-product","3":"status-publish","5":"product_cat-bex-sport","7":"first","8":"outofstock","9":"taxable","10":"shipping-taxable","11":"product-type-simple"},"aioseo_notices":[],"_links":{"self":[{"href":"https:\/\/games.tactic.net\/no\/wp-json\/wp\/v2\/product\/1369793","targetHints":{"allow":["GET"]}}],"collection":[{"href":"https:\/\/games.tactic.net\/no\/wp-json\/wp\/v2\/product"}],"about":[{"href":"https:\/\/games.tactic.net\/no\/wp-json\/wp\/v2\/types\/product"}],"wp:attachment":[{"href":"https:\/\/games.tactic.net\/no\/wp-json\/wp\/v2\/media?parent=1369793"}],"wp:term":[{"taxonomy":"product_brand","embeddable":true,"href":"https:\/\/games.tactic.net\/no\/wp-json\/wp\/v2\/product_brand?post=1369793"},{"taxonomy":"product_cat","embeddable":true,"href":"https:\/\/games.tactic.net\/no\/wp-json\/wp\/v2\/product_cat?post=1369793"},{"taxonomy":"product_tag","embeddable":true,"href":"https:\/\/games.tactic.net\/no\/wp-json\/wp\/v2\/product_tag?post=1369793"},{"taxonomy":"brand","embeddable":true,"href":"https:\/\/games.tactic.net\/no\/wp-json\/wp\/v2\/brand?post=1369793"},{"taxonomy":"target-group","embeddable":true,"href":"https:\/\/games.tactic.net\/no\/wp-json\/wp\/v2\/target-group?post=1369793"},{"taxonomy":"discontinued","embeddable":true,"href":"https:\/\/games.tactic.net\/no\/wp-json\/wp\/v2\/discontinued?post=1369793"}],"curies":[{"name":"wp","href":"https:\/\/api.w.org\/{rel}","templated":true}]}}