{"id":1369786,"date":"2026-03-11T15:10:22","date_gmt":"2026-03-11T13:10:22","guid":{"rendered":"https:\/\/games.tactic.net\/tuote\/sunsport-badminton-2-rackets-and-balls\/"},"modified":"2026-03-11T15:10:22","modified_gmt":"2026-03-11T13:10:22","slug":"sunsport-badminton-2-rackets-and-balls","status":"publish","type":"product","link":"https:\/\/games.tactic.net\/no\/tuote\/sunsport-badminton-2-rackets-and-balls\/","title":{"rendered":"Sunsport Badminton 2 rackets and balls"},"content":{"rendered":"<p>Badminton er en racketsport for to eller fire spillere. I all sin enkelhet g\u00e5r spillet ut p\u00e5 \u00e5 sl\u00e5 ballen med racketen, slik at den flyr over nettet til motstanderens banehalvdel &#8211; helst slik at motstanderen ikke rekker \u00e5 n\u00e5 ballen, f\u00f8r den treffer bakken innenfor banens grenser.<\/p>\n","protected":false},"excerpt":{"rendered":"<p>Badminton er en racketsport for to eller fire spillere. I all sin enkelhet g\u00e5r spillet ut p\u00e5 \u00e5 sl\u00e5 ballen med racketen, slik at den flyr over nettet til motstanderens banehalvdel &#8211; helst slik at motstanderen ikke rekker \u00e5 n\u00e5 ballen, f\u00f8r den treffer bakken innenfor banens grenser.<\/p>\n","protected":false},"featured_media":0,"template":"","meta":{"content-type":"","_monsterinsights_skip_tracking":false,"_monsterinsights_sitenote_active":false,"_monsterinsights_sitenote_note":"","_monsterinsights_sitenote_category":0},"product_brand":[],"product_cat":[2133],"product_tag":[],"brand":[{"id":2132,"name":"BEX Sport","slug":"bex-sport-2"}],"target-group":[],"discontinued":[],"class_list":{"0":"post-1369786","1":"product","2":"type-product","3":"status-publish","5":"product_cat-bex-sport","6":"brand-bex-sport-2","8":"first","9":"instock","10":"taxable","11":"shipping-taxable","12":"product-type-simple"},"aioseo_notices":[],"_links":{"self":[{"href":"https:\/\/games.tactic.net\/no\/wp-json\/wp\/v2\/product\/1369786","targetHints":{"allow":["GET"]}}],"collection":[{"href":"https:\/\/games.tactic.net\/no\/wp-json\/wp\/v2\/product"}],"about":[{"href":"https:\/\/games.tactic.net\/no\/wp-json\/wp\/v2\/types\/product"}],"wp:attachment":[{"href":"https:\/\/games.tactic.net\/no\/wp-json\/wp\/v2\/media?parent=1369786"}],"wp:term":[{"taxonomy":"product_brand","embeddable":true,"href":"https:\/\/games.tactic.net\/no\/wp-json\/wp\/v2\/product_brand?post=1369786"},{"taxonomy":"product_cat","embeddable":true,"href":"https:\/\/games.tactic.net\/no\/wp-json\/wp\/v2\/product_cat?post=1369786"},{"taxonomy":"product_tag","embeddable":true,"href":"https:\/\/games.tactic.net\/no\/wp-json\/wp\/v2\/product_tag?post=1369786"},{"taxonomy":"brand","embeddable":true,"href":"https:\/\/games.tactic.net\/no\/wp-json\/wp\/v2\/brand?post=1369786"},{"taxonomy":"target-group","embeddable":true,"href":"https:\/\/games.tactic.net\/no\/wp-json\/wp\/v2\/target-group?post=1369786"},{"taxonomy":"discontinued","embeddable":true,"href":"https:\/\/games.tactic.net\/no\/wp-json\/wp\/v2\/discontinued?post=1369786"}],"curies":[{"name":"wp","href":"https:\/\/api.w.org\/{rel}","templated":true}]}}