{"id":1369759,"date":"2026-03-11T12:06:59","date_gmt":"2026-03-11T10:06:59","guid":{"rendered":"https:\/\/games.tactic.net\/tuote\/plasto-toddler-off-road-soft-neutrals\/"},"modified":"2026-03-11T12:06:59","modified_gmt":"2026-03-11T10:06:59","slug":"plasto-toddler-off-road-soft-neutrals","status":"publish","type":"product","link":"https:\/\/games.tactic.net\/no\/tuote\/plasto-toddler-off-road-soft-neutrals\/","title":{"rendered":"PLASTO Toddler Off Road Soft Neutrals"},"content":{"rendered":"<p>Spesialutgave &#8211; Flotte n\u00f8ytrale farger! Plasto Myke N\u00f8ytrale sm\u00e5barn terrengbil har stille hjul og lagringsplass under setet. H\u00f8yde fra gulv til sete 22 cm. Inkluderer et stort utvalg klistremerker &#8211; design ditt eget! Anbefalt alder 1+. Laget i Finland.<\/p>\n","protected":false},"excerpt":{"rendered":"<p>Spesialutgave &#8211; Flotte n\u00f8ytrale farger! Plasto Myke N\u00f8ytrale sm\u00e5barn terrengbil har stille hjul og lagringsplass under setet. H\u00f8yde fra gulv til sete 22 cm. Inkluderer et stort utvalg klistremerker &#8211; design ditt eget! Anbefalt alder 1+. Laget i Finland.<\/p>\n","protected":false},"featured_media":0,"template":"","meta":{"content-type":"","_monsterinsights_skip_tracking":false,"_monsterinsights_sitenote_active":false,"_monsterinsights_sitenote_note":"","_monsterinsights_sitenote_category":0},"product_brand":[],"product_cat":[2306],"product_tag":[],"brand":[],"target-group":[],"discontinued":[],"class_list":{"0":"post-1369759","1":"product","2":"type-product","3":"status-publish","5":"product_cat-plasto-leker","7":"first","8":"instock","9":"taxable","10":"shipping-taxable","11":"product-type-simple"},"aioseo_notices":[],"_links":{"self":[{"href":"https:\/\/games.tactic.net\/no\/wp-json\/wp\/v2\/product\/1369759","targetHints":{"allow":["GET"]}}],"collection":[{"href":"https:\/\/games.tactic.net\/no\/wp-json\/wp\/v2\/product"}],"about":[{"href":"https:\/\/games.tactic.net\/no\/wp-json\/wp\/v2\/types\/product"}],"wp:attachment":[{"href":"https:\/\/games.tactic.net\/no\/wp-json\/wp\/v2\/media?parent=1369759"}],"wp:term":[{"taxonomy":"product_brand","embeddable":true,"href":"https:\/\/games.tactic.net\/no\/wp-json\/wp\/v2\/product_brand?post=1369759"},{"taxonomy":"product_cat","embeddable":true,"href":"https:\/\/games.tactic.net\/no\/wp-json\/wp\/v2\/product_cat?post=1369759"},{"taxonomy":"product_tag","embeddable":true,"href":"https:\/\/games.tactic.net\/no\/wp-json\/wp\/v2\/product_tag?post=1369759"},{"taxonomy":"brand","embeddable":true,"href":"https:\/\/games.tactic.net\/no\/wp-json\/wp\/v2\/brand?post=1369759"},{"taxonomy":"target-group","embeddable":true,"href":"https:\/\/games.tactic.net\/no\/wp-json\/wp\/v2\/target-group?post=1369759"},{"taxonomy":"discontinued","embeddable":true,"href":"https:\/\/games.tactic.net\/no\/wp-json\/wp\/v2\/discontinued?post=1369759"}],"curies":[{"name":"wp","href":"https:\/\/api.w.org\/{rel}","templated":true}]}}