{"id":1369749,"date":"2026-03-05T16:18:44","date_gmt":"2026-03-05T14:18:44","guid":{"rendered":"https:\/\/games.tactic.net\/tuote\/ryktet-gar-familiespill\/"},"modified":"2026-03-25T07:32:16","modified_gmt":"2026-03-25T05:32:16","slug":"ryktet-gar-familiespill","status":"publish","type":"product","link":"https:\/\/games.tactic.net\/no\/tuote\/ryktet-gar-familiespill\/","title":{"rendered":"Ryktet g\u00e5r &#8211; familiespill"},"content":{"rendered":"<p>Jo d\u00e5rligere du er til \u00e5 tegne, jo morsommere blir spillet! Tegn det du leste, og gjett hva du s\u00e5. Alle spillerne tegner, sender videre, gjetter og ler samtidig \u2013 med hysterisk morsomme og uforutsigbare resultater!<\/p>\n","protected":false},"excerpt":{"rendered":"<p>Jo d\u00e5rligere du er til \u00e5 tegne, jo morsommere blir spillet! Tegn det du leste, og gjett hva du s\u00e5. Alle spillerne tegner, sender videre, gjetter og ler samtidig \u2013 med hysterisk morsomme og uforutsigbare resultater!<\/p>\n","protected":false},"featured_media":0,"template":"","meta":{"content-type":"","_monsterinsights_skip_tracking":false,"_monsterinsights_sitenote_active":false,"_monsterinsights_sitenote_note":"","_monsterinsights_sitenote_category":0},"product_brand":[],"product_cat":[1619,1662],"product_tag":[324,1204,1267],"brand":[{"id":2334,"name":"WOW","slug":"wow"}],"target-group":[],"discontinued":[],"class_list":{"0":"post-1369749","1":"product","2":"type-product","3":"status-publish","5":"product_cat-brettspill","6":"product_cat-partyspill","7":"product_tag-kreativ","8":"product_tag-ordforklaring-2","9":"product_tag-sammen-no","10":"brand-wow","12":"first","13":"instock","14":"taxable","15":"shipping-taxable","16":"product-type-simple"},"aioseo_notices":[],"_links":{"self":[{"href":"https:\/\/games.tactic.net\/no\/wp-json\/wp\/v2\/product\/1369749","targetHints":{"allow":["GET"]}}],"collection":[{"href":"https:\/\/games.tactic.net\/no\/wp-json\/wp\/v2\/product"}],"about":[{"href":"https:\/\/games.tactic.net\/no\/wp-json\/wp\/v2\/types\/product"}],"wp:attachment":[{"href":"https:\/\/games.tactic.net\/no\/wp-json\/wp\/v2\/media?parent=1369749"}],"wp:term":[{"taxonomy":"product_brand","embeddable":true,"href":"https:\/\/games.tactic.net\/no\/wp-json\/wp\/v2\/product_brand?post=1369749"},{"taxonomy":"product_cat","embeddable":true,"href":"https:\/\/games.tactic.net\/no\/wp-json\/wp\/v2\/product_cat?post=1369749"},{"taxonomy":"product_tag","embeddable":true,"href":"https:\/\/games.tactic.net\/no\/wp-json\/wp\/v2\/product_tag?post=1369749"},{"taxonomy":"brand","embeddable":true,"href":"https:\/\/games.tactic.net\/no\/wp-json\/wp\/v2\/brand?post=1369749"},{"taxonomy":"target-group","embeddable":true,"href":"https:\/\/games.tactic.net\/no\/wp-json\/wp\/v2\/target-group?post=1369749"},{"taxonomy":"discontinued","embeddable":true,"href":"https:\/\/games.tactic.net\/no\/wp-json\/wp\/v2\/discontinued?post=1369749"}],"curies":[{"name":"wp","href":"https:\/\/api.w.org\/{rel}","templated":true}]}}